{"id":28841,"date":"2022-06-24T10:24:51","date_gmt":"2022-06-24T09:24:51","guid":{"rendered":"https:\/\/diving-in-lanzarote.com\/buchung\/"},"modified":"2026-04-22T18:18:42","modified_gmt":"2026-04-22T17:18:42","slug":"buche-dein-taucherlebnis","status":"publish","type":"page","link":"https:\/\/daivoon.com\/de\/buche-dein-taucherlebnis\/","title":{"rendered":"Buchung"},"content":{"rendered":"\n<div class=\"et_pb_section_0 et_pb_section et_section_regular et_block_section\"><div class=\"et_pb_row_0 et_pb_row et_block_row\"><div class=\"et_pb_column_0 et_pb_column et_pb_column_4_4 et-last-child et_block_column et_pb_css_mix_blend_mode_passthrough\"><div class=\"dipl_breadcrumb_0 dipl_breadcrumb et_pb_module\"><div class=\"dipl-breadcrumb-wrapper layout2\">\n\t\t\t\t\t<ol class=\"dipl-breadcrumb-inner\" vocab=\"https:\/\/schema.org\/\" typeof=\"BreadcrumbList\">\n\t\t\t\t\t\t<li property=\"itemListElement\" typeof=\"ListItem\" data-icon=\"\">\n\t\t\t\t\t\t<a class=\"breadcrumb-item dipl-home-page\" href=\"https:\/\/daivoon.com\/de\/\" property=\"item\" typeof=\"WebPage\" >\n\t\t\t\t\t\t\t<span class=\"breadcrumb-page\" property=\"name\"><span class=\"breadcrumb-home-icon et-pb-icon\">\ue074<\/span> Home<\/span>\n\t\t\t\t\t\t<\/a>\n\t\t\t\t\t\t<meta property=\"position\" content=\"1\" \/>\n\t\t\t\t\t<\/li>\n\t\t\t\t\t<\/ol>\n\t\t\t\t<\/div><\/div><\/div><\/div><\/div><div class=\"et_pb_section_1 et_pb_section et_section_regular et_block_section\"><div class=\"et_pb_row_1 et_pb_row et_block_row\"><div class=\"et_pb_column_1 et_pb_column et_pb_column_4_4 et-last-child et_block_column et_pb_css_mix_blend_mode_passthrough\"><div class=\"et_pb_text_0 et_pb_text et_pb_bg_layout_light et_pb_module et_block_module\"><div class=\"et_pb_text_inner\"><p>Buche deine Tauchg\u00e4nge<\/p>\n<\/div><\/div><div class=\"et_pb_text_1 et_pb_text et_pb_bg_layout_light et_pb_module et_block_module\"><div class=\"et_pb_text_inner\"><h1>Du schreibst - wir planen \ud83d\ude42<\/h1>\n<\/div><\/div><div class=\"et_pb_divider_0 et_pb_divider et_pb_space et_pb_divider_position_top et_pb_module\"><div class=\"et_pb_divider_internal\"><\/div><\/div><\/div><\/div><div class=\"et_pb_row_2 et_pb_row et_block_row\"><div class=\"et_pb_column_2 et_pb_column et_pb_column_3_5 et_block_column et_pb_css_mix_blend_mode_passthrough\"><div class=\"dipl_how_to_schema_0 dipl_how_to_schema et_pb_module\"><div class=\"dipl_how_to_wrapper\" itemscope itemtype=\"http:\/\/schema.org\/HowTo\">       <div class=\"dipl_how_to_step_wrapper\"><div class=\"dipl_how_to_schema_item_0 dipl_how_to_schema_item et_pb_module\"><div id=\"item_dipl_how_to_schema_item_0\" class=\"dipl_step_wrapper\" itemprop=\"step\" itemscope itemtype=\"http:\/\/schema.org\/HowToStep\"><div class=\"dipl_step_content\"><div class=\"dipl_step_title\" itemprop=\"name\"><h4>Melde dich<\/h4><\/div> <div class=\"dipl_step_desc\" itemprop=\"text\"><p>Erz\u00e4hl uns ein bisschen \u00fcber dich: <strong>Wieviele Tauchg\u00e4nge<\/strong> hast du bereits gemacht? Welches <strong>Ausbildungslevel<\/strong> hast du erreicht? Suchst du einen Anf\u00e4ngertauchgang? Einen gef\u00fchrten Tauchgang oder einen Kurs?<br \/>Egal, ob du zum ersten Mal abtauchst oder schon Erfahrung mitbringst \u2013 schreib uns einfach! Wir melden uns so schnell wie m\u00f6glich bei dir zur\u00fcck.<\/p>\n<p>\ud83d\udc49 Tipp: Viele Infos zu <a href=\"https:\/\/daivoon.com\/de\/tauchplaetze-lanzarote\/\" title=\"Tauchpl\u00e4tze Lanzarote\">Tauchpl\u00e4tzen<\/a>, <a href=\"https:\/\/daivoon.com\/de\/tauch-preise\/\" title=\"Preise\">Preisen <\/a>und <a href=\"https:\/\/daivoon.com\/de\/information-tauchen-lanzarote\/\" title=\"FAQs\" target=\"_blank\" rel=\"noopener\">FAQs<\/a> findest du direkt hier auf unserer Webseite.<\/p>\n<\/div><\/div>\n\t\t\t\t<meta itemprop=\"url\" content=\"http:\/\/daivoon.com\/de\/wp-json\/wp\/v2\/pages\/28841#item_dipl_how_to_schema_item_0\" \/><\/div><\/div><div class=\"dipl_how_to_schema_item_1 dipl_how_to_schema_item et_pb_module\"><div id=\"item_dipl_how_to_schema_item_1\" class=\"dipl_step_wrapper\" itemprop=\"step\" itemscope itemtype=\"http:\/\/schema.org\/HowToStep\"><div class=\"dipl_step_content\"><div class=\"dipl_step_title\" itemprop=\"name\"><h4>Finde einen Termin<\/h4><\/div> <div class=\"dipl_step_desc\" itemprop=\"text\"><p>Wir arbeiten <strong>ohne fixe Tauchplatz-Vorgaben<\/strong>. Stattdessen w\u00e4hlen wir jede Woche neu \u2013 je nach Wetter, Interessen und Erfahrungslevel unserer TaucherInnen. Unser Ziel ist es, die <strong>Tauchpl\u00e4tze an euch anzupassen<\/strong>, nicht umgekehrt. Au\u00dferdem achten wir auf <strong>kleine Gruppen<\/strong> und eine <strong>sinnvolle Einteilung nach Erfahrung<\/strong>.<\/p>\n<p>Damit wir gut planen k\u00f6nnen, ist es gut zu wissen, an welchen Tagen du Zeit hast. So k\u00f6nnen wir sicherstellen, dass du in einer passenden und kleinen Gruppe tauchen kannst.<\/p>\n<\/div><\/div>\n\t\t\t\t<meta itemprop=\"url\" content=\"http:\/\/daivoon.com\/de\/wp-json\/wp\/v2\/pages\/28841#item_dipl_how_to_schema_item_1\" \/><\/div><\/div><div class=\"dipl_how_to_schema_item_2 dipl_how_to_schema_item et_pb_module\"><div id=\"item_dipl_how_to_schema_item_2\" class=\"dipl_step_wrapper\" itemprop=\"step\" itemscope itemtype=\"http:\/\/schema.org\/HowToStep\"><div class=\"dipl_step_content\"><div class=\"dipl_step_title\" itemprop=\"name\"><h4>Formulare ausf\u00fcllen<\/h4><\/div> <div class=\"dipl_step_desc\" itemprop=\"text\"><p>Bitte <strong>lade<\/strong> dir vorab die <strong>Anmeldeformulare herunter<\/strong> und schick sie uns ausgef\u00fcllt per Mail zu oder druck sie aus und bring sie mit.<\/p>\n<p>Am einfachsten ist es den Adobe Reader (oder \u00e4hnliches) zu nutzen, da er die Option \u201eausf\u00fcllen &amp; unterschreiben\u201c bietet.<\/p>\n<\/div><\/div>\n\t\t\t\t<meta itemprop=\"url\" content=\"http:\/\/daivoon.com\/de\/wp-json\/wp\/v2\/pages\/28841#item_dipl_how_to_schema_item_2\" \/><\/div><\/div><\/div><\/div><\/div><\/div><div class=\"et_pb_column_3 et_pb_column et_pb_column_2_5 et-last-child et_block_column et_pb_css_mix_blend_mode_passthrough\"><div class=\"et_pb_image_0 et_pb_image et_pb_module et_block_module\"><span class=\"et_pb_image_wrap\"><img loading=\"lazy\" decoding=\"async\" src=\"https:\/\/daivoon.com\/wp-content\/uploads\/2022\/06\/book-with-daivoon-diving.jpeg\" width=\"383\" height=\"510\" srcset=\"https:\/\/daivoon.com\/wp-content\/uploads\/2022\/06\/book-with-daivoon-diving.jpeg 383w, https:\/\/daivoon.com\/wp-content\/uploads\/2022\/06\/book-with-daivoon-diving-225x300.jpeg 225w\" sizes=\"(max-width: 383px) 100vw, 383px\" class=\"wp-image-26888\" title=\"Book your diving\" alt=\"Buch deine Tauchg\u00e4nge\" \/><\/span><\/div><div class=\"et_pb_text_2 et_pb_text et_pb_bg_layout_light et_pb_module et_block_module\"><div class=\"et_pb_text_inner\"><p><em>Hi, ich bin <a href=\"\/de\/dipl-team-member\/michaela-jedinger-de\/\">Michi<\/a> - die Managerin von Daivoon. Vielleicht kennen wir uns ja schon aus Mails oder Telefonaten. Wenn du Fragen hast schreib einfach, schick eine WhatsApp oder ruf an - ich helfe dir gerne bei allen Fragen rund ums Tauchen auf Lanzarote weiter.\u00a0<\/em><\/p>\n<\/div><\/div><\/div><\/div><div class=\"et_pb_row_3 et_pb_row et_block_row\"><div class=\"et_pb_column_4 et_pb_column et_pb_column_2_3 et_block_column et_pb_css_mix_blend_mode_passthrough\"><div class=\"et_pb_text_3 et_pb_text et_pb_bg_layout_light et_pb_module et_block_module et_pb_text_align_center-phone\"><div class=\"et_pb_text_inner\"><p>Lade die Anmeldeformulare runter um mit Daivoon zu buchen.<\/p>\n<\/div><\/div><\/div><div class=\"et_pb_column_5 et_pb_column et_pb_column_1_3 et-last-child et_block_column et_pb_css_mix_blend_mode_passthrough\"><div class=\"et_pb_module et_pb_button_module_wrapper et_pb_button_0_wrapper\"><a class=\"et_pb_button_0 et_pb_button et_pb_bg_layout_light et_pb_module et_block_module\" href=\"https:\/\/daivoon.com\/de\/application-daivoon-2025-german-2\/\" target=\"_blank\" data-icon=\"\ue092\">Download<\/a><\/div><\/div><\/div><\/div><div class=\"et_pb_section_2 et_pb_section et_section_regular et_block_section section_has_divider et_pb_bottom_divider\"><div class=\"et_pb_bottom_inside_divider et-no-transition\"><\/div><\/div>\n","protected":false},"excerpt":{"rendered":"","protected":false},"author":1,"featured_media":0,"parent":0,"menu_order":0,"comment_status":"closed","ping_status":"closed","template":"","meta":{"footnotes":""},"class_list":["post-28841","page","type-page","status-publish","hentry"],"_links":{"self":[{"href":"https:\/\/daivoon.com\/de\/wp-json\/wp\/v2\/pages\/28841","targetHints":{"allow":["GET"]}}],"collection":[{"href":"https:\/\/daivoon.com\/de\/wp-json\/wp\/v2\/pages"}],"about":[{"href":"https:\/\/daivoon.com\/de\/wp-json\/wp\/v2\/types\/page"}],"author":[{"embeddable":true,"href":"https:\/\/daivoon.com\/de\/wp-json\/wp\/v2\/users\/1"}],"replies":[{"embeddable":true,"href":"https:\/\/daivoon.com\/de\/wp-json\/wp\/v2\/comments?post=28841"}],"version-history":[{"count":3,"href":"https:\/\/daivoon.com\/de\/wp-json\/wp\/v2\/pages\/28841\/revisions"}],"predecessor-version":[{"id":38675,"href":"https:\/\/daivoon.com\/de\/wp-json\/wp\/v2\/pages\/28841\/revisions\/38675"}],"wp:attachment":[{"href":"https:\/\/daivoon.com\/de\/wp-json\/wp\/v2\/media?parent=28841"}],"curies":[{"name":"wp","href":"https:\/\/api.w.org\/{rel}","templated":true}]}}