{"id":31174,"date":"2022-10-27T09:59:05","date_gmt":"2022-10-27T08:59:05","guid":{"rendered":"https:\/\/daivoon.com\/?page_id=31174"},"modified":"2026-04-22T18:18:47","modified_gmt":"2026-04-22T17:18:47","slug":"tauchuhr","status":"publish","type":"page","link":"https:\/\/daivoon.com\/de\/ueber-uns-tauchen-lanzarote-daivoon\/tauchuhr\/","title":{"rendered":"Tauchuhr"},"content":{"rendered":"\n<div class=\"et_pb_section_0 et_pb_section et_section_regular et_block_section\"><div class=\"et_pb_row_0 et_pb_row et_block_row\"><div class=\"et_pb_column_0 et_pb_column et_pb_column_4_4 et-last-child et_block_column et_pb_css_mix_blend_mode_passthrough\"><div class=\"dipl_breadcrumb_0 dipl_breadcrumb et_pb_module\"><div class=\"dipl-breadcrumb-wrapper layout2\">\n\t\t\t\t\t<ol class=\"dipl-breadcrumb-inner\" vocab=\"https:\/\/schema.org\/\" typeof=\"BreadcrumbList\">\n\t\t\t\t\t\t<li property=\"itemListElement\" typeof=\"ListItem\" data-icon=\"\">\n\t\t\t\t\t\t<a class=\"breadcrumb-item dipl-home-page\" href=\"https:\/\/daivoon.com\/de\/\" property=\"item\" typeof=\"WebPage\" >\n\t\t\t\t\t\t\t<span class=\"breadcrumb-page\" property=\"name\"><span class=\"breadcrumb-home-icon et-pb-icon\">\ue074<\/span> Home<\/span>\n\t\t\t\t\t\t<\/a>\n\t\t\t\t\t\t<meta property=\"position\" content=\"1\" \/>\n\t\t\t\t\t<\/li>\n\t\t\t\t\t<\/ol>\n\t\t\t\t<\/div><\/div><\/div><\/div><\/div><div class=\"et_pb_section_1 et_pb_section et_section_regular et_block_section section_has_divider et_pb_bottom_divider\"><div class=\"et_pb_row_1 et_pb_row et_pb_gutters4 et_block_row et_animated\"><div class=\"et_pb_column_1 et_pb_column et_pb_column_3_5 et_block_column et_pb_css_mix_blend_mode_passthrough\"><div class=\"et_pb_text_0 et_pb_text et_pb_bg_layout_light et_pb_module et_block_module\"><div class=\"et_pb_text_inner\"><p data-start=\"769\" data-end=\"876\">Robust. Verl\u00e4sslich. Getestet von unserem Team.<\/p>\n<\/div><\/div><div class=\"et_pb_text_1 et_pb_text et_pb_bg_layout_light et_pb_module et_block_module\"><div class=\"et_pb_text_inner\"><h1>Tauchuhren<\/h1>\n<\/div><\/div><div class=\"et_pb_divider_0 et_pb_divider et_pb_space et_pb_divider_position_top et_pb_module\"><div class=\"et_pb_divider_internal\"><\/div><\/div><div class=\"et_pb_text_2 et_pb_text et_pb_bg_layout_light et_pb_module et_block_module\"><div class=\"et_pb_text_inner\"><p>Wenn du \u00fcberlegst dir eine <strong>Tauchuhr<\/strong> zuzulegen, k\u00f6nnte eine von <a href=\"https:\/\/www.chrisbenz.de\/\" target=\"_blank\" rel=\"noopener\" title=\"Chris Benz\">Chris Benz<\/a> genau die richtige Wahl f\u00fcr dich sein.<\/p>\n<p>Chris Benz produziert hochwertige Uhren f\u00fcr M\u00e4nner und Frauen. Warum sie unserer Meinung zu den besten Tauchuhren z\u00e4hlen, ist das verwendete <strong>Saphirglas<\/strong>. Es ist <strong>extrem kratzfest<\/strong> \u2013 ein unverzichtbares Merkmal f\u00fcr jede Taucheruhr.<\/p>\n<\/div><\/div><\/div><div class=\"et_pb_column_2 et_pb_column et_pb_column_2_5 et-last-child et_block_column et_pb_css_mix_blend_mode_passthrough\"><div class=\"et_pb_image_0 et_pb_image et_pb_module et_block_module\"><a href=\"https:\/\/www.chrisbenz.de\/en\/collection.html#startseite\"><span class=\"et_pb_image_wrap\"><img loading=\"lazy\" decoding=\"async\" src=\"https:\/\/daivoon.com\/wp-content\/uploads\/2022\/08\/Chris-benz-diving-lanzarote.png\" width=\"510\" height=\"380\" srcset=\"https:\/\/daivoon.com\/wp-content\/uploads\/2022\/08\/Chris-benz-diving-lanzarote.png 510w, https:\/\/daivoon.com\/wp-content\/uploads\/2022\/08\/Chris-benz-diving-lanzarote-480x358.png 480w\" sizes=\"(min-width: 0px) and (max-width: 480px) 480px, (min-width: 481px) 510px, 100vw\" class=\"wp-image-31132\" title=\"Chris Benz Tauchuhren\" alt=\"Chris Benz Tauchuhren\" \/><\/span><\/a><\/div><\/div><\/div><div class=\"et_pb_row_2 et_pb_row et_block_row\"><div class=\"et_pb_column_3 et_pb_column et_pb_column_4_4 et-last-child et_block_column et_pb_css_mix_blend_mode_passthrough\"><div class=\"et_pb_text_3 et_pb_text et_pb_bg_layout_light et_pb_module et_block_module\"><div class=\"et_pb_text_inner\"><p data-start=\"442\" data-end=\"758\">Unser Team ist ein gro\u00dfer Fan der Uhren von Chris Benz \u2013 wir tragen sie bei fast jedem Tauchgang. Goetz hat seine Uhr sogar einem echten H\u00e4rtetest unterzogen: Er hatte sie bei Hunderten von Tauchg\u00e4ngen dabei und kann mit \u00dcberzeugung sagen: das Glas ist h\u00e4rter als Vulkangestein \ud83d\ude04.<\/p>\n<p data-start=\"760\" data-end=\"931\">Die Uhren sind \u00e4u\u00dferst zuverl\u00e4ssig. In all den Jahren, in denen wir sie nutzen, hatten wir nur ein einziges Problem \u2013 und das wurde vom Chris Benz Support schnell behoben.<\/p>\n<p data-start=\"933\" data-end=\"1211\">Dank der gro\u00dfen Auswahl an Modellen und Designs wirken diese Uhren sehr individuell. Du kannst aus verschiedenen <strong>Armb\u00e4ndern<\/strong> (mit unterschiedlichen Materialien und Farben), <strong>Zifferblattfarben<\/strong> sowie mehreren <strong>L\u00fcnetten-Optionen<\/strong> w\u00e4hlen, um deine perfekte Taucheruhr zusammenzustellen.<\/p>\n<p data-start=\"1213\" data-end=\"1402\">Wir empfehlen besonders die <strong data-start=\"1241\" data-end=\"1262\"><a href=\"https:\/\/chrisbenz.de\/collections\/one-man-200m\" target=\"_blank\" rel=\"noopener\">\u201eONE Medium 200M\u201c<\/a><\/strong> \u2013 ein klassisches und elegantes Modell.<br data-start=\"1302\" data-end=\"1305\" \/>Ein weiteres Highlight ist die komplett schwarze <strong data-start=\"1354\" data-end=\"1373\">\u201e<a href=\"https:\/\/chrisbenz.de\/collections\/kommando-diver\" target=\"_blank\" rel=\"noopener\">Kommand Diver<\/a>\u201c<\/strong> \u2013 gebaut f\u00fcr H\u00f6chstleistung.<\/p>\n<\/div><\/div><\/div><\/div><div class=\"et_pb_row_3 et_pb_row et_block_row\"><div class=\"et_pb_column_4 et_pb_column et_pb_column_1_2 et_block_column et_pb_css_mix_blend_mode_passthrough\"><div class=\"et_pb_image_1 et_pb_image et_pb_module et_block_module\"><a href=\"https:\/\/www.chrisbenz.de\/en\/watch\/items\/defense-kommando-diver.html\" target=\"_blank\"><span class=\"et_pb_image_wrap\"><img loading=\"lazy\" decoding=\"async\" src=\"https:\/\/daivoon.com\/wp-content\/uploads\/2022\/08\/chris-benz-diving-lanzarote-kommando.jpeg\" width=\"510\" height=\"510\" srcset=\"https:\/\/daivoon.com\/wp-content\/uploads\/2022\/08\/chris-benz-diving-lanzarote-kommando.jpeg 510w, https:\/\/daivoon.com\/wp-content\/uploads\/2022\/08\/chris-benz-diving-lanzarote-kommando-480x480.jpeg 480w\" sizes=\"(min-width: 0px) and (max-width: 480px) 480px, (min-width: 481px) 510px, 100vw\" class=\"wp-image-31145\" title=\"Chris Benz Tauchuhr Kommando\" alt=\"Chris Benz Tauchuhr Kommando\" \/><\/span><\/a><\/div><\/div><div class=\"et_pb_column_5 et_pb_column et_pb_column_1_2 et-last-child et_block_column et_pb_css_mix_blend_mode_passthrough\"><div class=\"et_pb_image_2 et_pb_image et_pb_module et_block_module\"><a href=\"https:\/\/www.chrisbenz.de\/en\/watch\/items\/one-medium.html\" target=\"_blank\"><span class=\"et_pb_image_wrap\"><img loading=\"lazy\" decoding=\"async\" src=\"https:\/\/daivoon.com\/wp-content\/uploads\/2022\/08\/chris-benz-diving-lanzarote-medium.jpeg\" width=\"510\" height=\"510\" srcset=\"https:\/\/daivoon.com\/wp-content\/uploads\/2022\/08\/chris-benz-diving-lanzarote-medium.jpeg 510w, https:\/\/daivoon.com\/wp-content\/uploads\/2022\/08\/chris-benz-diving-lanzarote-medium-480x480.jpeg 480w\" sizes=\"(min-width: 0px) and (max-width: 480px) 480px, (min-width: 481px) 510px, 100vw\" class=\"wp-image-31148\" title=\"Chris Benz Tauchuhr Medium\" alt=\"Chris Benz Tauchuhr Medium\" \/><\/span><\/a><\/div><\/div><\/div><div class=\"et_pb_row_4 et_pb_row et_block_row\"><div class=\"et_pb_column_6 et_pb_column et_pb_column_4_4 et-last-child et_block_column et_pb_css_mix_blend_mode_passthrough\"><div class=\"et_pb_text_4 et_pb_text et_pb_bg_layout_light et_pb_module et_block_module\"><div class=\"et_pb_text_inner\"><p>Wenn du Interesse an einer dieser Uhren hast oder Tipps brauchst, worauf du achten solltest, <a href=\"https:\/\/daivoon.com\/de\/kontakt-tauchen-lanzarote\/\">schreib<\/a> einfach unserem Team \u2013 wir helfen dir gern bei allen Fragen weiter.\u00a0<\/p>\n<\/div><\/div><\/div><\/div><div class=\"et_pb_bottom_inside_divider et-no-transition\"><\/div><\/div>\n","protected":false},"excerpt":{"rendered":"","protected":false},"author":2,"featured_media":0,"parent":28958,"menu_order":0,"comment_status":"closed","ping_status":"closed","template":"","meta":{"footnotes":""},"class_list":["post-31174","page","type-page","status-publish","hentry"],"_links":{"self":[{"href":"https:\/\/daivoon.com\/de\/wp-json\/wp\/v2\/pages\/31174","targetHints":{"allow":["GET"]}}],"collection":[{"href":"https:\/\/daivoon.com\/de\/wp-json\/wp\/v2\/pages"}],"about":[{"href":"https:\/\/daivoon.com\/de\/wp-json\/wp\/v2\/types\/page"}],"author":[{"embeddable":true,"href":"https:\/\/daivoon.com\/de\/wp-json\/wp\/v2\/users\/2"}],"replies":[{"embeddable":true,"href":"https:\/\/daivoon.com\/de\/wp-json\/wp\/v2\/comments?post=31174"}],"version-history":[{"count":3,"href":"https:\/\/daivoon.com\/de\/wp-json\/wp\/v2\/pages\/31174\/revisions"}],"predecessor-version":[{"id":38685,"href":"https:\/\/daivoon.com\/de\/wp-json\/wp\/v2\/pages\/31174\/revisions\/38685"}],"up":[{"embeddable":true,"href":"https:\/\/daivoon.com\/de\/wp-json\/wp\/v2\/pages\/28958"}],"wp:attachment":[{"href":"https:\/\/daivoon.com\/de\/wp-json\/wp\/v2\/media?parent=31174"}],"curies":[{"name":"wp","href":"https:\/\/api.w.org\/{rel}","templated":true}]}}