{"id":32892,"date":"2023-06-24T16:22:11","date_gmt":"2023-06-24T15:22:11","guid":{"rendered":"https:\/\/daivoon.com\/video-feedback\/"},"modified":"2026-04-22T18:18:56","modified_gmt":"2026-04-22T17:18:56","slug":"video-feedback","status":"publish","type":"page","link":"https:\/\/daivoon.com\/de\/aktivitaeten-in-lanzarote\/video-feedback\/","title":{"rendered":"Video Feedback"},"content":{"rendered":"\n<div class=\"et_pb_section_0 et_pb_section et_section_regular et_block_section\"><div class=\"et_pb_row_0 et_pb_row et_block_row\"><div class=\"et_pb_column_0 et_pb_column et_pb_column_4_4 et-last-child et_block_column et_pb_css_mix_blend_mode_passthrough\"><div class=\"dipl_breadcrumb_0 dipl_breadcrumb et_pb_module\"><div class=\"dipl-breadcrumb-wrapper layout2\">\n\t\t\t\t\t<ol class=\"dipl-breadcrumb-inner\" vocab=\"https:\/\/schema.org\/\" typeof=\"BreadcrumbList\">\n\t\t\t\t\t\t<li property=\"itemListElement\" typeof=\"ListItem\" data-icon=\"\">\n\t\t\t\t\t\t<a class=\"breadcrumb-item dipl-home-page\" href=\"https:\/\/daivoon.com\/de\/\" property=\"item\" typeof=\"WebPage\" >\n\t\t\t\t\t\t\t<span class=\"breadcrumb-page\" property=\"name\"><span class=\"breadcrumb-home-icon et-pb-icon\">\ue074<\/span> Home<\/span>\n\t\t\t\t\t\t<\/a>\n\t\t\t\t\t\t<meta property=\"position\" content=\"1\" \/>\n\t\t\t\t\t<\/li>\n\t\t\t\t\t<\/ol>\n\t\t\t\t<\/div><\/div><\/div><\/div><\/div><div class=\"et_pb_section_1 et_pb_section et_section_regular et_block_section\"><div class=\"et_pb_row_1 et_pb_row et_block_row\"><div class=\"et_pb_column_1 et_pb_column et_pb_column_4_4 et-last-child et_block_column et_pb_css_mix_blend_mode_passthrough\"><div class=\"et_pb_text_0 et_pb_text et_pb_bg_layout_light et_pb_module et_block_module\"><div class=\"et_pb_text_inner\"><p>Beobachte dich selbst unter Wasser<\/p>\n<\/div><\/div><div class=\"et_pb_text_1 et_pb_text et_pb_bg_layout_light et_pb_module et_block_module preset--module--divi-text--a6dca4ae-afcb-48dc-95f7-cee8c451e7a5\"><div class=\"et_pb_text_inner\"><h1>Video Feedback<\/h1>\n<\/div><\/div><\/div><\/div><div class=\"et_pb_row_2 et_pb_row et_block_row\"><div class=\"et_pb_column_2 et_pb_column et_pb_column_1_2 et_block_column et_pb_css_mix_blend_mode_passthrough\"><div class=\"et_pb_text_2 et_pb_text et_pb_bg_layout_light et_pb_module et_block_module preset--module--divi-text--8edc600d-b1d3-4081-acdd-e62a8e04123f\"><div class=\"et_pb_text_inner\"><p>Video-Feedback beim Tauchen ist zu einem unsch\u00e4tzbar wertvollen Werkzeug f\u00fcr Anf\u00e4nger und fortgeschrittene TaucherInnen geworden. Indem wir deine Unterwasserabenteuer mit der Kamera festhalten, k\u00f6nnen wir Wasserlage, Flossenschlag und Tarierung \u00fcberpr\u00fcfen und analysieren, Bereiche zur Verbesserung identifizieren und deine Gesamtleistung steigern.<\/p>\n<p>Die M\u00f6glichkeit, deine K\u00f6rperhaltung, die Bewegungen und den Einsatz der Ausr\u00fcstung visuell zu beurteilen, hilft uns dabei, deine F\u00e4higkeiten zu verfeinern und deine Sicherheit und Komfort unter Wasser zu steigern.<\/p>\n<\/div><\/div><\/div><div class=\"et_pb_column_3 et_pb_column et_pb_column_1_2 et-last-child et_block_column et_pb_css_mix_blend_mode_passthrough\"><div class=\"et_pb_text_3 et_pb_text et_pb_bg_layout_light et_pb_module et_block_module preset--module--divi-text--8edc600d-b1d3-4081-acdd-e62a8e04123f\"><div class=\"et_pb_text_inner\"><p>Dar\u00fcber hinaus erm\u00f6glicht uns (TauchlehrerInnen \ud83d\ude0a ) das Video-Feedback, dir pr\u00e4zise und personalisierte Anleitung zu geben, indem wir konstruktive Kritik \u00e4u\u00dfern und erfolgreiche Techniken hervorheben. Diese visuelle Unterst\u00fctzung f\u00f6rdert ein tieferes Verst\u00e4ndnis der Tauchprinzipien und regt zum kontinuierlichen Lernen an.<\/p>\n<\/div><\/div><div class=\"et_pb_text_4 et_pb_text et_pb_bg_layout_light et_pb_module et_block_module preset--module--divi-text--8edc600d-b1d3-4081-acdd-e62a8e04123f\"><div class=\"et_pb_text_inner\"><p>Wir werden also einige Videos von dir aufnehmen und dann dar\u00fcber sprechen: das Gute, das Schlechte und das H\u00e4ssliche \ud83d\ude01 .<\/p>\n<\/div><\/div><\/div><\/div><div class=\"et_pb_row_3 et_pb_row et_block_row\"><div class=\"et_pb_column_4 et_pb_column et_pb_column_1_3 et_block_column et_pb_column_empty et_pb_css_mix_blend_mode_passthrough\"><\/div><div class=\"et_pb_column_5 et_pb_column et_pb_column_1_3 et_block_column et_pb_css_mix_blend_mode_passthrough\"><div class=\"et_pb_pricing_tables_0 et_pb_pricing_tables et_pb_pricing clearfix et_pb_pricing_no_bullet et_pb_pricing_1 et_animated et_pb_no_featured_in_first_row et_pb_module et_flex_module\"><div class=\"et_pb_pricing_table_0 et_pb_pricing_table et_pb_module et_block_module et_flex_column_24_24 et_flex_column_24_24_tablet et_flex_column_24_24_phone\"><div class=\"et_pb_pricing_heading\"><h2 class=\"et_pb_pricing_title\">Video-Feedback<\/h2><\/div><div class=\"et_pb_pricing_content_top\"><div class=\"et_pb_et_price\"><span class=\"et_pb_dollar_sign\">\u20ac<\/span><span class=\"et_pb_sum\">35<\/span><\/div><\/div><div class=\"et_pb_pricing_content\"><ul class=\"et_pb_pricing\"><li><span>Videos von dir unter Wasser<\/span><\/li><li><span>Nachbesprechung der Videos<\/span><\/li><li><span>Tipps f\u00fcr zuk\u00fcnftige Tauchg\u00e4nge<\/span><\/li><li><span>Videos die du behalten kannst<\/span><\/li><\/ul><\/div><div class=\"et_pb_button_wrapper\"><a class=\"et_pb_button et_pb_pricing_table_button\" href=\"\/book-your-diving\/\">Los gehts!<\/a><\/div><\/div><\/div><\/div><div class=\"et_pb_column_6 et_pb_column et_pb_column_1_3 et-last-child et_block_column et_pb_column_empty et_pb_css_mix_blend_mode_passthrough\"><\/div><\/div><\/div><div class=\"et_pb_section_2 et_pb_section et_section_regular et_block_section\"><div class=\"et_pb_row_4 et_pb_row et_pb_equal_columns et_block_row\"><div class=\"et_pb_column_7 et_pb_column et_pb_column_1_2 et_block_column et_pb_css_mix_blend_mode_passthrough\"><div class=\"et_pb_text_5 et_pb_text et_pb_bg_layout_light et_pb_module et_block_module preset--module--divi-text--8448e700-fcc9-4bd5-ac2d-0df9a70ff168\"><div class=\"et_pb_text_inner\"><h5>Profitiere von der Erfahrung deiner TauchlehrerInnen<\/h5>\n<\/div><\/div><div class=\"et_pb_text_6 et_pb_text et_pb_bg_layout_light et_pb_module et_block_module preset--module--divi-text--8edc600d-b1d3-4081-acdd-e62a8e04123f\"><div class=\"et_pb_text_inner\"><p>Erfahrene TauchlehrerInnen verf\u00fcgen \u00fcber eine umfangreiche Erfahrung in der Bewertung verschiedener Aspekte des Tauchens, wie Flossenschlag, Atmung, Trim und Bleiverteilung.<\/p>\n<\/div><\/div><div class=\"et_pb_text_7 et_pb_text et_pb_bg_layout_light et_pb_module et_block_module preset--module--divi-text--8448e700-fcc9-4bd5-ac2d-0df9a70ff168\"><div class=\"et_pb_text_inner\"><h5>Schau es dir selbst an<\/h5>\n<\/div><\/div><div class=\"et_pb_text_8 et_pb_text et_pb_bg_layout_light et_pb_module et_block_module preset--module--divi-text--8edc600d-b1d3-4081-acdd-e62a8e04123f\"><div class=\"et_pb_text_inner\"><p>Video-Feedback erlaubt es dir, deinen Tauchstil selbst zu sehen und zu verstehen, ob und welche Anpassungen erforderlich sind, um deine Technik zu verbessern.<\/p>\n<\/div><\/div><div class=\"et_pb_text_9 et_pb_text et_pb_bg_layout_light et_pb_module et_block_module preset--module--divi-text--8448e700-fcc9-4bd5-ac2d-0df9a70ff168\"><div class=\"et_pb_text_inner\"><h5>Kleine Ver\u00e4nderungen k\u00f6nnen einen gro\u00dfen Unterschied machen<\/h5>\n<\/div><\/div><div class=\"et_pb_text_10 et_pb_text et_pb_bg_layout_light et_pb_module et_block_module preset--module--divi-text--8edc600d-b1d3-4081-acdd-e62a8e04123f\"><div class=\"et_pb_text_inner\"><p>TaucherInnen k\u00f6nnen aktiv daran teilnehmen ihre Fertigkeiten voran zu bringen. Durch Ver\u00e4ndern von Kleinigkeiten, werden oft gro\u00dfe Ergebnisse erzielt.\u00a0<\/p>\n<\/div><\/div><\/div><div class=\"et_pb_column_8 et_pb_column et_pb_column_1_2 et-last-child et_block_column et_pb_css_mix_blend_mode_passthrough\"><div class=\"et_pb_text_11 et_pb_text et_pb_bg_layout_light et_pb_module et_block_module preset--module--divi-text--8edc600d-b1d3-4081-acdd-e62a8e04123f\"><div class=\"et_pb_text_inner\"><ul>\n<li>Video-Feedback ist ein wertvolles Werkzeug f\u00fcr alle TaucherInnen.<\/li>\n<\/ul>\n<ul>\n<li>Video-Feedback hilft dabei, die eigenen F\u00e4higkeiten und Technik zu analysieren.<\/li>\n<\/ul>\n<ul>\n<li>Video-Feedback - wenn richtig ausgef\u00fchrt - steigert Komfort und Sicherheit der TaucherInnen.<\/li>\n<\/ul>\n<ul>\n<li>Video-Feedback f\u00f6rdert ein tieferes Verst\u00e4ndnis der Prinzipien des Tauchens.<\/li>\n<\/ul>\n<ul>\n<li>Die Identifikation von Schwachstellen erm\u00f6glicht gezieltes Training und Fortschritte im Tauchen.<\/li>\n<\/ul>\n<ul>\n<li>Tauchlehrer k\u00f6nnen einen personalisierten Unterricht erstellen und konstruktive Kritik geben, um den Lernerfolg zu maximieren.<\/li>\n<\/ul>\n<\/div><\/div><\/div><\/div><\/div>\n","protected":false},"excerpt":{"rendered":"","protected":false},"author":1,"featured_media":0,"parent":29087,"menu_order":0,"comment_status":"closed","ping_status":"closed","template":"","meta":{"footnotes":""},"class_list":["post-32892","page","type-page","status-publish","hentry"],"_links":{"self":[{"href":"https:\/\/daivoon.com\/de\/wp-json\/wp\/v2\/pages\/32892","targetHints":{"allow":["GET"]}}],"collection":[{"href":"https:\/\/daivoon.com\/de\/wp-json\/wp\/v2\/pages"}],"about":[{"href":"https:\/\/daivoon.com\/de\/wp-json\/wp\/v2\/types\/page"}],"author":[{"embeddable":true,"href":"https:\/\/daivoon.com\/de\/wp-json\/wp\/v2\/users\/1"}],"replies":[{"embeddable":true,"href":"https:\/\/daivoon.com\/de\/wp-json\/wp\/v2\/comments?post=32892"}],"version-history":[{"count":3,"href":"https:\/\/daivoon.com\/de\/wp-json\/wp\/v2\/pages\/32892\/revisions"}],"predecessor-version":[{"id":38696,"href":"https:\/\/daivoon.com\/de\/wp-json\/wp\/v2\/pages\/32892\/revisions\/38696"}],"up":[{"embeddable":true,"href":"https:\/\/daivoon.com\/de\/wp-json\/wp\/v2\/pages\/29087"}],"wp:attachment":[{"href":"https:\/\/daivoon.com\/de\/wp-json\/wp\/v2\/media?parent=32892"}],"curies":[{"name":"wp","href":"https:\/\/api.w.org\/{rel}","templated":true}]}}