{"id":33266,"date":"2023-08-15T11:04:18","date_gmt":"2023-08-15T10:04:18","guid":{"rendered":"https:\/\/daivoon.com\/sidemount-diving-lanzarote\/"},"modified":"2026-04-22T18:19:02","modified_gmt":"2026-04-22T17:19:02","slug":"sidemount-tauchen-lanzarote","status":"publish","type":"page","link":"https:\/\/daivoon.com\/de\/aktivitaeten-in-lanzarote\/sidemount-tauchen-lanzarote\/","title":{"rendered":"Sidemount"},"content":{"rendered":"\n<div class=\"et_pb_section_0 et_pb_section et_section_regular et_block_section\"><div class=\"et_pb_row_0 et_pb_row et_block_row\"><div class=\"et_pb_column_0 et_pb_column et_pb_column_4_4 et-last-child et_block_column et_pb_css_mix_blend_mode_passthrough\"><div class=\"dipl_breadcrumb_0 dipl_breadcrumb et_pb_module\"><div class=\"dipl-breadcrumb-wrapper layout2\">\n\t\t\t\t\t<ol class=\"dipl-breadcrumb-inner\" vocab=\"https:\/\/schema.org\/\" typeof=\"BreadcrumbList\">\n\t\t\t\t\t\t<li property=\"itemListElement\" typeof=\"ListItem\" data-icon=\"\">\n\t\t\t\t\t\t<a class=\"breadcrumb-item dipl-home-page\" href=\"https:\/\/daivoon.com\/de\/\" property=\"item\" typeof=\"WebPage\" >\n\t\t\t\t\t\t\t<span class=\"breadcrumb-page\" property=\"name\"><span class=\"breadcrumb-home-icon et-pb-icon\">\ue074<\/span> Home<\/span>\n\t\t\t\t\t\t<\/a>\n\t\t\t\t\t\t<meta property=\"position\" content=\"1\" \/>\n\t\t\t\t\t<\/li>\n\t\t\t\t\t<\/ol>\n\t\t\t\t<\/div><\/div><\/div><\/div><\/div><div class=\"et_pb_section_1 et_pb_section et_section_regular et_block_section\"><div class=\"et_pb_row_1 et_pb_row et_block_row\"><div class=\"et_pb_column_1 et_pb_column et_pb_column_4_4 et-last-child et_block_column et_pb_css_mix_blend_mode_passthrough\"><div class=\"et_pb_text_0 et_pb_text et_pb_bg_layout_light et_pb_module et_block_module\"><div class=\"et_pb_text_inner\"><p>Sidemount Tauchen<\/p>\n<\/div><\/div><div class=\"et_pb_text_1 et_pb_text et_pb_bg_layout_light et_pb_module et_block_module\"><div class=\"et_pb_text_inner\"><h1>Erlebe mehr Freiheit unter Wasser<\/h1>\n<\/div><\/div><div class=\"et_pb_divider_0 et_pb_divider et_pb_space et_pb_divider_position_top et_pb_module\"><div class=\"et_pb_divider_internal\"><\/div><\/div><\/div><\/div><div class=\"et_pb_row_2 et_pb_row et_block_row\"><div class=\"et_pb_column_2 et_pb_column et_pb_column_1_2 et_block_column et_pb_css_mix_blend_mode_passthrough\"><div class=\"et_pb_text_2 et_pb_text et_pb_bg_layout_light et_pb_module et_block_module\"><div class=\"et_pb_text_inner\"><p>Erlebe den unvergleichlichen Komfort des Sidemount-Tauchens. Wir haben 2022 begonnen, dass Sidemount-Tauchen in unsere Tauchschule zu integrieren und jetzt ist es an der Zeit, unser Wissen mit euch zu teilen. Egal, ob ihr euch f\u00fcr technisches oder Sporttauchen interessiert, Sidemount bietet unz\u00e4hlige Vorteile.<\/p>\n<p>Mit mehreren unabh\u00e4ngigen Tauchflaschen geh\u00f6ren Sorgen um den Luftverbrauch der Vergangenheit an. Mehr Sicherheit und dadurch noch entspannteres Tauchen sind durch das Sidemount-Tauchen garantiert.<\/p>\n<p>Die perfekte Tauchposition zu erreichen, den Trim zu halten und die Tarierung zu meistern wird durch das Sidemount-Tauchen\u00a0 erheblich erleichtert. Es wird au\u00dferdem einfacher, die vorteilhafte Kopf-hoch-Position beizubehalten. Au\u00dferdem wird beim Wechsel von Backmount zu Sidemount schnell klar, dass Sidemount nicht nur schonender f\u00fcr den R\u00fccken ist, sondern auch die Handhabung schnell zum Kinderspiel wird.<\/p>\n<\/div><\/div><\/div><div class=\"et_pb_column_3 et_pb_column et_pb_column_1_2 et-last-child et_block_column et_pb_css_mix_blend_mode_passthrough\"><div class=\"et_pb_image_0 et_pb_image et_pb_module et_block_module\"><span class=\"et_pb_image_wrap\"><img loading=\"lazy\" decoding=\"async\" src=\"https:\/\/daivoon.com\/wp-content\/uploads\/2026\/02\/Diver-Goetz-1-1.png\" width=\"510\" height=\"340\" srcset=\"https:\/\/daivoon.com\/wp-content\/uploads\/2026\/02\/Diver-Goetz-1-1.png 510w, https:\/\/daivoon.com\/wp-content\/uploads\/2026\/02\/Diver-Goetz-1-1-480x320.png 480w\" sizes=\"(min-width: 0px) and (max-width: 480px) 480px, (min-width: 481px) 510px, 100vw\" class=\"wp-image-38187\" title=\"Diver Goetz - 1\" alt=\"Sidemount Daivoon\" \/><\/span><\/div><\/div><\/div><div class=\"et_pb_row_3 et_pb_row et_block_row\"><div class=\"et_pb_column_4 et_pb_column et_pb_column_1_2 et_block_column et_pb_css_mix_blend_mode_passthrough\"><div class=\"dipl_content_toggle_0 dipl_content_toggle et_pb_module\"><div class=\"dipl_content_toggle_wrapper\"><div class=\"dipl_toggle_button_wrapper dipl_toggle_layout_two dipl_toggle_center\">\n\t\t\t\t\t<input class=\"dipl_toggle_field\" id=\"1348129781\" type=\"checkbox\" value=\"\" \/>\n\t\t\t\t\t<label class=\"dipl_switch\" for=\"1348129781\">\n\t\t\t\t\t\t<div class=\"dipl_switch_trigger dipl_switch_one dipl_active\" data-value=\"SSI Rec Sidemount\"><\/div>\n\t\t\t\t\t    <div class=\"dipl_switch_trigger dipl_switch_two dipl_inactive\" data-value=\"SSI XR Sidemount\"><\/div>\n\t\t\t\t\t<\/label>\n\t\t\t\t<\/div><div class=\"dipl_content_one_toggle dipl_content_toggle_layout\"><div class=\"et_pb_with_border et_pb_module et_d4_element dipl_image_card dipl_image_card_0  et_pb_text_align_left et_pb_bg_layout_light\">\n<div class=\"et_pb_module_inner\">\n<div class=\"dipl_image_card_wrapper\" data-enable_lightbox=\"off\">\n<div class=\"dipl_image_card_image_wrapper\"><img decoding=\"async\" src=\"https:\/\/daivoon.com\/wp-content\/uploads\/2023\/06\/Recreational-Sidemount-Diving.jpg\" alt=\"Scuba Diver\" class=\"dipl_image_card_image\" \/><\/div>\n<div class=\"dipl_image_card_content_wrapper\">\n<div class=\"dipl_image_card_inner_content_wrapper\">\n<h3 class=\"dipl_image_card_title\" id=\"ssi-rec-sidemount\">SSI Rec Sidemount<\/h3>\n<div class=\"dipl_image_card_content\">\n<p style=\"padding-left: 10px;\">Mind. 12 Jahre<br \/>Online Theoriematerial<br \/>Flaschen &amp; Rigging (7L, 11,1L &amp; 12L lang verf\u00fcgbar)<br \/>Workshop Ausr\u00fcstung (2 h)<br \/>1 TG im begrenzten Wasser (min. 1 h)<br \/>3 Freiwasser-TG (je ~50 min)<br \/>Internationale Zertifizierung<\/p>\n<p>Sidemount Ausr\u00fcstung: +90\u20ac<\/p>\n<p style=\"padding-left: 10px;\"><span style=\"color: #000080;\"><strong>Ab 330\u20ac<\/strong><\/span><\/p>\n<\/div>\n<div class=\"et_pb_button_wrapper\"><a class=\"et_pb_button\" href=\"\/de\/preise\/\" data-icon=\"9\">Preise<\/a><\/div>\n<\/div><\/div>\n<\/div><\/div>\n<\/p><\/div>\n<\/div><div class=\"dipl_content_two_toggle dipl_content_toggle_layout\"><div class=\"et_pb_with_border et_pb_module et_d4_element dipl_image_card dipl_image_card_1  et_pb_text_align_left et_pb_bg_layout_light\">\n<div class=\"et_pb_module_inner\">\n<div class=\"dipl_image_card_wrapper\" data-enable_lightbox=\"off\">\n<div class=\"dipl_image_card_image_wrapper\"><img decoding=\"async\" src=\"https:\/\/daivoon.com\/wp-content\/uploads\/2023\/06\/Extended-Range-Sidemount.jpg\" alt=\"Open Water Diver\" class=\"dipl_image_card_image\" \/><\/div>\n<div class=\"dipl_image_card_content_wrapper\">\n<div class=\"dipl_image_card_inner_content_wrapper\">\n<h3 class=\"dipl_image_card_title\" id=\"ssi-xr-sidemount\">SSI XR Sidemount<\/h3>\n<div class=\"dipl_image_card_content\">\n<p style=\"padding-left: 10px;\">Min. 16 Jahre<br \/>Online Theoriematerial<br \/>Flaschen &amp; Rigging (7L, 11,1L &amp; 12L lang verf\u00fcgbar)<br \/>Stage &amp; Rigging (7L &amp; 11,1L verf\u00fcgbar)<br \/>Workshop Ausr\u00fcstung (2 h)<br \/>1 TG im begrenzten Wasser (min. 1 h)<br \/>4 Freiwasser-TG (je ~50 min)<br \/>Internationale Zertifizierung<\/p>\n<p>Seitlich montierte Ausr\u00fcstung: +75\u20ac<\/p>\n<p style=\"padding-left: 10px;\"><span style=\"color: #000080;\"><strong>Ab 475\u20ac<\/strong><\/span><\/p>\n<\/div>\n<div class=\"et_pb_button_wrapper\"><a class=\"et_pb_button\" href=\"\/de\/preise\/\" data-icon=\"9\">Preise<\/a><\/div>\n<\/div><\/div>\n<\/div><\/div>\n<\/p><\/div>\n<\/div><\/div><\/div><\/div><div class=\"et_pb_column_5 et_pb_column et_pb_column_1_2 et-last-child et_block_column et_pb_css_mix_blend_mode_passthrough\"><div class=\"et_pb_text_3 et_pb_text et_pb_bg_layout_light et_pb_module et_block_module\"><div class=\"et_pb_text_inner\"><p>Mach dich bereit, ein v\u00f6llig neues Ma\u00df an Freiheit unter Wasser zu entdecken und melde dich f\u00fcr eine unserer Sidemount-Kurse an. Aktuell bieten wir <strong>zwei verschiedene Sidemount-Kurse an<\/strong>: den <a href=\"https:\/\/www.divessi.com\/de\/advanced-training\/scuba-diving\/recreational-sidemount-diving\" target=\"_blank\" rel=\"noopener\">SSI Recreational Sidemount-Kurs<\/a> und den <a href=\"https:\/\/www.divessi.com\/de\/advanced-training\/extended-range\/open-circuit-diving\/extended-range-sidemount-diving\" target=\"_blank\" rel=\"noopener\">SSI XR Sidemount-Kurs<\/a>. Beide Kurse sind speziell f\u00fcr Anf\u00e4nger konzipiert und <strong>erfordern keinerlei vorherige Sidemount-Erfahrung<\/strong>.<\/p>\n<p>Der\u00a0 <strong>Sporttauch Sidemount-Kurs<\/strong> ist die perfekte Einf\u00fchrung in die Welt des Sidemount-Tauchens. Unsere TauchlehrerInnen werden dir helfen, die verschiedenen Techniken zur Balance der Tauchflaschen zu erlernen, deine Ausr\u00fcstung richtig zu handhaben und die Vorteile des Sidemount-Tauchens zu erleben. Der <strong>XR Sidemount-Kurs<\/strong> hebt deine Fertigkeiten auf die n\u00e4chste Stufe und bietet fortgeschrittene Techniken, inklusive der Einf\u00fchrung einer dritten Tauchflasche.<\/p>\n<p>Sei dabei und <a href=\"https:\/\/daivoon.com\/de\/kontakt-tauchen-lanzarote\/\">starte<\/a> ein neues Abenteuer mit uns!<\/p>\n<\/div><\/div><\/div><\/div><\/div><div class=\"et_pb_section_2 et_pb_section et_section_regular et_block_section\"><div class=\"et_pb_row_4 et_pb_row et_pb_equal_columns et_block_row\"><div class=\"et_pb_column_6 et_pb_column et_pb_column_1_2 et_block_column et_pb_css_mix_blend_mode_passthrough\"><div class=\"et_pb_text_4 et_pb_text et_pb_bg_layout_light et_pb_module et_block_module preset--module--divi-text--8448e700-fcc9-4bd5-ac2d-0df9a70ff168\"><div class=\"et_pb_text_inner\"><h5>Profitiere von Tauchflaschen an deiner Seite<\/h5>\n<\/div><\/div><div class=\"et_pb_text_5 et_pb_text et_pb_bg_layout_light et_pb_module et_block_module preset--module--divi-text--8edc600d-b1d3-4081-acdd-e62a8e04123f\"><div class=\"et_pb_text_inner\"><p>Sidemount-Tauchen ist eine spezifische Art des Ger\u00e4tetauchens, bei der TaucherInnen die Flaschen an den Seiten tragen, anstatt sie am R\u00fccken zu befestigen. Dies bietet eine erh\u00f6hte Man\u00f6vrierf\u00e4higkeit und Redundanz.<\/p>\n<\/div><\/div><div class=\"et_pb_text_6 et_pb_text et_pb_bg_layout_light et_pb_module et_block_module preset--module--divi-text--8448e700-fcc9-4bd5-ac2d-0df9a70ff168\"><div class=\"et_pb_text_inner\"><h5>Spezielles Training<\/h5>\n<\/div><\/div><div class=\"et_pb_text_7 et_pb_text et_pb_bg_layout_light et_pb_module et_block_module preset--module--divi-text--8edc600d-b1d3-4081-acdd-e62a8e04123f\"><div class=\"et_pb_text_inner\"><p>Es ist wichtig zu beachten, dass, obwohl das Sidemount-Tauchen viele Vorteile bietet, es auch eine angemessene Schulung und Erfahrung erfordert, um die Sicherheit zu gew\u00e4hrleisten. TaucherInnen ben\u00f6tigen eine spezifische Ausbildung, um die Techniken des Sidmount-Tauchens, die Handhabung der Ausr\u00fcstung und die ver\u00e4nderten Sicherheitsprotokolle zu erlernen.<\/p>\n<\/div><\/div><div class=\"et_pb_text_8 et_pb_text et_pb_bg_layout_light et_pb_module et_block_module preset--module--divi-text--8448e700-fcc9-4bd5-ac2d-0df9a70ff168\"><div class=\"et_pb_text_inner\"><h5>Spezielle Ausr\u00fcstung<\/h5>\n<\/div><\/div><div class=\"et_pb_text_9 et_pb_text et_pb_bg_layout_light et_pb_module et_block_module preset--module--divi-text--8edc600d-b1d3-4081-acdd-e62a8e04123f\"><div class=\"et_pb_text_inner\"><p>Beim Sidemount-Tauchen wird spezielle Ausr\u00fcstung ben\u00f6tigt, wie zum Beispiel ein Sidemount-Jacket, Befestigungssysteme f\u00fcr die Tauchflaschen, unz\u00e4hlige Bungees, unterschiedliche Reglerkonfigurationen usw.<\/p>\n<\/div><\/div><\/div><div class=\"et_pb_column_7 et_pb_column et_pb_column_1_2 et-last-child et_block_column et_pb_css_mix_blend_mode_passthrough\"><div class=\"et_pb_text_10 et_pb_text et_pb_bg_layout_light et_pb_module et_block_module preset--module--divi-text--8edc600d-b1d3-4081-acdd-e62a8e04123f\"><div class=\"et_pb_text_inner\"><ul>\n<li>Flexibilit\u00e4t: Leichteres Man\u00f6vrieren in engen R\u00e4umen<\/li>\n<\/ul>\n<ul>\n<li>Redundanz: Zwei unabh\u00e4ngige Gassysteme f\u00fcr die Luftversorgung<\/li>\n<\/ul>\n<ul>\n<li>Stromlinienf\u00f6rmigkeit: Weniger Widerstand, verbesserte Tarierungskontrolle<\/li>\n<\/ul>\n<ul>\n<li>Handhabung: Einfaches An- und Ausziehen der Ausr\u00fcstung<\/li>\n<\/ul>\n<ul>\n<li>R\u00fcckenentlastung: Weniger Belastung, hilfreich bei R\u00fcckenproblemen<\/li>\n<\/ul>\n<ul>\n<li>Zug\u00e4nglichkeit: Geeignet f\u00fcr unterschiedliche k\u00f6rperliche F\u00e4higkeiten<\/li>\n<\/ul>\n<ul>\n<li>Sicherheit: Ideal f\u00fcr H\u00f6hlen und Wracktauchg\u00e4nge<\/li>\n<\/ul>\n<ul>\n<li>Training: Spezifisches Training f\u00fcr Notfallverfahren<\/li>\n<\/ul>\n<ul>\n<li>Interaktion: Bessere Kommunikation durch Blickkontakt mit Tauchpartnern<\/li>\n<\/ul>\n<ul>\n<li>Gasmanagement: Verbesserte Kontrolle, l\u00e4ngere Tauchg\u00e4nge<\/li>\n<\/ul>\n<\/div><\/div><\/div><\/div><\/div><div class=\"et_pb_section_3 et_pb_section et_section_regular et_block_section section_has_divider et_pb_bottom_divider\"><div class=\"et_pb_row_5 et_pb_row et_block_row\"><div class=\"et_pb_column_8 et_pb_column et_pb_column_4_4 et-last-child et_block_column et_pb_css_mix_blend_mode_passthrough\"><div class=\"et_pb_text_11 et_pb_text et_pb_bg_layout_light et_pb_module et_block_module\"><div class=\"et_pb_text_inner\"><p>Egal f\u00fcr welchen Kurs du dich entscheidest, melde dich bei <a title=\"Register at SSI\" href=\"https:\/\/my.divessi.com\/register\/reg\/711084\" target=\"_blank\" rel=\"noopener\">SSI<\/a> an und verbinde dich mit unserer Tauchschule. Nachdem du das online Training bezahlt hast, schalten wir dich f\u00fcr die online Kursunterlagen frei.<\/p>\n<p>Danach kannst du direkt auf der <a href=\"https:\/\/my.divessi.com\/login\" target=\"_blank\" rel=\"noopener\">SSI Webseite<\/a> oder mit der <a title=\"Download the app\" href=\"https:\/\/www.divessi.com\/de\/join-ssi\/register-free\/myssi-app\" target=\"_blank\" rel=\"noopener\">MySSI App<\/a>\u00a0loslegen.<\/p>\n<\/div><\/div><\/div><\/div><div class=\"et_pb_row_6 et_pb_row et_pb_row_3-4_1-4 et_block_row et_block_row_3-4_1-4\"><div class=\"et_pb_column_9 et_pb_column et_pb_column_3_4 et_block_column et_pb_css_mix_blend_mode_passthrough\"><div class=\"et_pb_text_12 et_pb_text et_pb_bg_layout_light et_pb_module et_block_module\"><div class=\"et_pb_text_inner\"><p><a href=\"https:\/\/my.divessi.com\/register\/ref\/711084\" target=\"_SSI\" rel=\"noopener\"><br \/>\n<img loading=\"lazy\" decoding=\"async\" src=\"\/\/my.divessi.com\/assets\/banners\/banner_15\/540_170.png\" alt=\"SSI - Scuba Schools International - my.divessi.com - Register Now\" width=\"648\" height=\"204\" border=\"0\" \/><br \/>\n<\/a><\/p>\n<\/div><\/div><\/div><div class=\"et_pb_column_10 et_pb_column et_pb_column_1_4 et-last-child et_block_column et_pb_css_mix_blend_mode_passthrough\"><div class=\"et_pb_image_1 et_pb_image et_pb_module et_block_module\"><span class=\"et_pb_image_wrap\"><img loading=\"lazy\" decoding=\"async\" src=\"https:\/\/daivoon.com\/wp-content\/uploads\/2022\/09\/daivoon-diving-centre-scuba-schools-international.png\" width=\"500\" height=\"532\" srcset=\"https:\/\/daivoon.com\/wp-content\/uploads\/2022\/09\/daivoon-diving-centre-scuba-schools-international.png 500w, https:\/\/daivoon.com\/wp-content\/uploads\/2022\/09\/daivoon-diving-centre-scuba-schools-international-480x511.png 480w\" sizes=\"(min-width: 0px) and (max-width: 480px) 480px, (min-width: 481px) 500px, 100vw\" class=\"wp-image-31212\" title=\"Daivoon Diving Centre SSI\" alt=\"Daivoon Diving Centre SSI\" \/><\/span><\/div><\/div><\/div><div class=\"et_pb_bottom_inside_divider et-no-transition\"><\/div><\/div>\n","protected":false},"excerpt":{"rendered":"","protected":false},"author":2,"featured_media":0,"parent":29087,"menu_order":0,"comment_status":"closed","ping_status":"closed","template":"","meta":{"_et_pb_use_builder":"on","_et_pb_old_content":"","_et_gb_content_width":"","footnotes":""},"class_list":["post-33266","page","type-page","status-publish","hentry"],"_links":{"self":[{"href":"https:\/\/daivoon.com\/de\/wp-json\/wp\/v2\/pages\/33266","targetHints":{"allow":["GET"]}}],"collection":[{"href":"https:\/\/daivoon.com\/de\/wp-json\/wp\/v2\/pages"}],"about":[{"href":"https:\/\/daivoon.com\/de\/wp-json\/wp\/v2\/types\/page"}],"author":[{"embeddable":true,"href":"https:\/\/daivoon.com\/de\/wp-json\/wp\/v2\/users\/2"}],"replies":[{"embeddable":true,"href":"https:\/\/daivoon.com\/de\/wp-json\/wp\/v2\/comments?post=33266"}],"version-history":[{"count":3,"href":"https:\/\/daivoon.com\/de\/wp-json\/wp\/v2\/pages\/33266\/revisions"}],"predecessor-version":[{"id":38705,"href":"https:\/\/daivoon.com\/de\/wp-json\/wp\/v2\/pages\/33266\/revisions\/38705"}],"up":[{"embeddable":true,"href":"https:\/\/daivoon.com\/de\/wp-json\/wp\/v2\/pages\/29087"}],"wp:attachment":[{"href":"https:\/\/daivoon.com\/de\/wp-json\/wp\/v2\/media?parent=33266"}],"curies":[{"name":"wp","href":"https:\/\/api.w.org\/{rel}","templated":true}]}}