{"id":36083,"date":"2024-12-17T09:50:20","date_gmt":"2024-12-17T09:50:20","guid":{"rendered":"https:\/\/daivoon.com\/?page_id=36083"},"modified":"2026-04-22T18:19:18","modified_gmt":"2026-04-22T17:19:18","slug":"backplate-wing","status":"publish","type":"page","link":"https:\/\/daivoon.com\/de\/backplate-wing\/","title":{"rendered":"Backplate &#038; Wing"},"content":{"rendered":"\n<div class=\"et_pb_section_0 et_pb_section et_section_regular et_block_section\"><div class=\"et_pb_row_0 et_pb_row et_block_row\"><div class=\"et_pb_column_0 et_pb_column et_pb_column_4_4 et-last-child et_block_column et_pb_css_mix_blend_mode_passthrough\"><div class=\"dipl_breadcrumb_0 dipl_breadcrumb et_pb_module\"><div class=\"dipl-breadcrumb-wrapper layout2\">\n\t\t\t\t\t<ol class=\"dipl-breadcrumb-inner\" vocab=\"https:\/\/schema.org\/\" typeof=\"BreadcrumbList\">\n\t\t\t\t\t\t<li property=\"itemListElement\" typeof=\"ListItem\" data-icon=\"\">\n\t\t\t\t\t\t<a class=\"breadcrumb-item dipl-home-page\" href=\"https:\/\/daivoon.com\/de\/\" property=\"item\" typeof=\"WebPage\" >\n\t\t\t\t\t\t\t<span class=\"breadcrumb-page\" property=\"name\"><span class=\"breadcrumb-home-icon et-pb-icon\">\ue074<\/span> Home<\/span>\n\t\t\t\t\t\t<\/a>\n\t\t\t\t\t\t<meta property=\"position\" content=\"1\" \/>\n\t\t\t\t\t<\/li>\n\t\t\t\t\t<\/ol>\n\t\t\t\t<\/div><\/div><\/div><\/div><\/div><div class=\"et_pb_section_1 et_pb_section et_section_regular et_block_section section_has_divider et_pb_bottom_divider\"><div class=\"et_pb_row_1 et_pb_row et_pb_gutters4 et_block_row et_animated\"><div class=\"et_pb_column_1 et_pb_column et_pb_column_1_2 et_block_column et_pb_css_mix_blend_mode_passthrough\"><div class=\"et_pb_image_0 et_pb_image et_pb_module et_block_module\"><a href=\"https:\/\/www.xdeep.eu\/zeos-dce-pr-1131.html\" target=\"_blank\"><span class=\"et_pb_image_wrap\"><img loading=\"lazy\" decoding=\"async\" src=\"https:\/\/daivoon.com\/wp-content\/uploads\/2024\/11\/Backplate-Wing-3.jpg\" width=\"383\" height=\"510\" srcset=\"https:\/\/daivoon.com\/wp-content\/uploads\/2024\/11\/Backplate-Wing-3.jpg 383w, https:\/\/daivoon.com\/wp-content\/uploads\/2024\/11\/Backplate-Wing-3-225x300.jpg 225w\" sizes=\"(max-width: 383px) 100vw, 383px\" class=\"wp-image-35976\" title=\"Backplate &amp; Wing 3\" alt=\"Backplate &amp; Wing 3\" \/><\/span><\/a><\/div><\/div><div class=\"et_pb_column_2 et_pb_column et_pb_column_1_2 et-last-child et_block_column et_pb_css_mix_blend_mode_passthrough\"><div class=\"et_pb_text_0 et_pb_text et_pb_bg_layout_light et_pb_module et_block_module\"><div class=\"et_pb_text_inner\"><p>Erlebe den Unterschied<\/p>\n<\/div><\/div><div class=\"et_pb_text_1 et_pb_text et_pb_bg_layout_light et_pb_module et_block_module\"><div class=\"et_pb_text_inner\"><h1>Backplate &amp; wing und Longhose Regler<\/h1>\n<\/div><\/div><div class=\"et_pb_divider_0 et_pb_divider et_pb_space et_pb_divider_position_top et_pb_module\"><div class=\"et_pb_divider_internal\"><\/div><\/div><div class=\"et_pb_text_2 et_pb_text et_pb_bg_layout_light et_pb_module et_block_module\"><div class=\"et_pb_text_inner\"><p>Immer \u00f6fter sind am Tauchplatz Backplate- und Wing-Systeme (anstelle der traditionellen ADV-Jackets) zu sehen.<\/p>\n<p>F\u00fcr alle, die dieses System selber ausprobieren m\u00f6chten, bieten wir die <a href=\"https:\/\/www.xdeep.eu\/zeos-dce-pr-1131.html\" target=\"_blank\" rel=\"noopener\">XDeep Dive Center Edition<\/a> zum Verleih an, um die Vorteile selbst, quasi hautnah erleben zu k\u00f6nnen!<\/p>\n<p>BPWs k\u00f6nnen individuell an den K\u00f6rper angepasst werden und die Form der Blase sorgt f\u00fcr eine stabile, waagrechte\u00a0 K\u00f6rperposition. So werden deine Tauchg\u00e4nge nicht nur angenehmer, sondern auch entspannter.<br \/>Das Beste daran: Dieses modulare System w\u00e4chst mit dir mit \u2013 perfekt, um dich auf deiner pers\u00f6nlichen Tauchreise zu begleiten.<\/p>\n<p><strong><span style=\"text-decoration: underline;\">BPW Leihgeb\u00fchr:<\/span> <\/strong>6\u20ac pro Tg<\/p>\n<\/div><\/div><\/div><\/div><div class=\"et_pb_row_2 et_pb_row et_block_row\"><div class=\"et_pb_column_3 et_pb_column et_pb_column_4_4 et-last-child et_block_column et_pb_css_mix_blend_mode_passthrough\"><div class=\"et_pb_text_3 et_pb_text et_pb_bg_layout_light et_pb_module et_block_module\"><div class=\"et_pb_text_inner\"><p>F\u00fcr ein noch komfortableres Taucherlebnis kannst du zus\u00e4tzlich einen Longhose-Atemregler mieten. Dieses Setup sorgt nicht nur f\u00fcr mehr Sicherheit bei der Atemgasspende, sondern h\u00e4lt auch die Schl\u00e4uche eng am K\u00f6rper - wodurch der Str\u00f6mungswiederstand reduziert wird.<\/p>\n<p><span style=\"text-decoration: underline;\"><strong>Longhose Leihgeb\u00fchr:<\/strong><\/span><strong> <\/strong>4\u20ac pro Tauchgang<\/p>\n<p>Wenn du eine Einf\u00fchrung in das Tauchen mit BPW und Longhose m\u00f6chtest, bieten wir kurze Einf\u00fchrungs-Sessions an.\u00a0 Dabei lernst du wichtige F\u00e4higkeiten wie das Teilen von Luft, das Anpassen der Ausr\u00fcstung und alles was f\u00fcr den sicheren Umgang mit diesem Setup n\u00f6tig ist. Sicherheit und Komfort stehen dabei im Vordergrund. Der Standardpreis betr\u00e4gt +25 \u20ac zus\u00e4tzlich zu deinem Tauchgang.<\/p>\n<p>Wenn dir das Tauchen mit diesem Setup gef\u00e4llt, haben wir Schl\u00e4uche verf\u00fcgbar, mit denen du deinen eigenen Regler auf Longhose umbauen kannst. Au\u00dferdem bieten wir <a href=\"https:\/\/www.xdeep.eu\/bcd-color-options-catalog-nsc-13.html#configuration\" target=\"_blank\" rel=\"noopener\">XDeep Backplate und Wing Systeme zum Verkauf<\/a> an. Frag einfach unser Team, und sie helfen dir gerne weiter und beraten dich.<\/p>\n<p><span style=\"text-decoration: underline;\">Komplette DIR Ausr\u00fcstung:<\/span> 15\u20ac pro Tg (Hier findest du unserer <a href=\"https:\/\/daivoon.com\/de\/tauch-preise\/\">Verleihpreise<\/a> )<\/p>\n<\/div><\/div><\/div><\/div><div class=\"et_pb_bottom_inside_divider et-no-transition\"><\/div><\/div>\n","protected":false},"excerpt":{"rendered":"","protected":false},"author":2,"featured_media":0,"parent":0,"menu_order":0,"comment_status":"closed","ping_status":"closed","template":"","meta":{"footnotes":""},"class_list":["post-36083","page","type-page","status-publish","hentry"],"_links":{"self":[{"href":"https:\/\/daivoon.com\/de\/wp-json\/wp\/v2\/pages\/36083","targetHints":{"allow":["GET"]}}],"collection":[{"href":"https:\/\/daivoon.com\/de\/wp-json\/wp\/v2\/pages"}],"about":[{"href":"https:\/\/daivoon.com\/de\/wp-json\/wp\/v2\/types\/page"}],"author":[{"embeddable":true,"href":"https:\/\/daivoon.com\/de\/wp-json\/wp\/v2\/users\/2"}],"replies":[{"embeddable":true,"href":"https:\/\/daivoon.com\/de\/wp-json\/wp\/v2\/comments?post=36083"}],"version-history":[{"count":3,"href":"https:\/\/daivoon.com\/de\/wp-json\/wp\/v2\/pages\/36083\/revisions"}],"predecessor-version":[{"id":38725,"href":"https:\/\/daivoon.com\/de\/wp-json\/wp\/v2\/pages\/36083\/revisions\/38725"}],"wp:attachment":[{"href":"https:\/\/daivoon.com\/de\/wp-json\/wp\/v2\/media?parent=36083"}],"curies":[{"name":"wp","href":"https:\/\/api.w.org\/{rel}","templated":true}]}}