{"id":36268,"date":"2024-12-17T10:05:44","date_gmt":"2024-12-17T10:05:44","guid":{"rendered":"https:\/\/daivoon.com\/diving\/"},"modified":"2026-04-22T18:19:19","modified_gmt":"2026-04-22T17:19:19","slug":"diving","status":"publish","type":"page","link":"https:\/\/daivoon.com\/de\/diving\/","title":{"rendered":"Tauchen"},"content":{"rendered":"\n<div class=\"et_pb_section_0 et_pb_section et_section_regular et_block_section\"><div class=\"et_pb_row_0 et_pb_row et_block_row\"><div class=\"et_pb_column_0 et_pb_column et_pb_column_4_4 et-last-child et_block_column et_pb_css_mix_blend_mode_passthrough\"><div class=\"dipl_breadcrumb_0 dipl_breadcrumb et_pb_module\"><div class=\"dipl-breadcrumb-wrapper layout2\">\n\t\t\t\t\t<ol class=\"dipl-breadcrumb-inner\" vocab=\"https:\/\/schema.org\/\" typeof=\"BreadcrumbList\">\n\t\t\t\t\t\t<li property=\"itemListElement\" typeof=\"ListItem\" data-icon=\"\">\n\t\t\t\t\t\t<a class=\"breadcrumb-item dipl-home-page\" href=\"https:\/\/daivoon.com\/de\/\" property=\"item\" typeof=\"WebPage\" >\n\t\t\t\t\t\t\t<span class=\"breadcrumb-page\" property=\"name\"><span class=\"breadcrumb-home-icon et-pb-icon\">\ue074<\/span> Home<\/span>\n\t\t\t\t\t\t<\/a>\n\t\t\t\t\t\t<meta property=\"position\" content=\"1\" \/>\n\t\t\t\t\t<\/li>\n\t\t\t\t\t<\/ol>\n\t\t\t\t<\/div><\/div><\/div><\/div><\/div><div class=\"et_pb_section_1 et_pb_section et_section_regular et_block_section section_has_divider et_pb_bottom_divider\"><div class=\"et_pb_row_1 et_pb_row et_block_row\"><div class=\"et_pb_column_1 et_pb_column et_pb_column_4_4 et-last-child et_block_column et_pb_css_mix_blend_mode_passthrough\"><div class=\"et_pb_text_0 et_pb_text et_pb_bg_layout_light et_pb_module et_block_module et_pb_text_align_center\"><div class=\"et_pb_text_inner\"><h2>Gef\u00fchrte Tauchg\u00e4nge in Lanzarote<\/h2>\n<\/div><\/div><\/div><\/div><div class=\"et_pb_row_2 et_pb_row et_block_row\"><div class=\"et_pb_column_2 et_pb_column et_pb_column_1_3 et_block_column et_pb_css_mix_blend_mode_passthrough\"><div class=\"dipl_interactive_image_card_0 dipl_interactive_image_card et_clickable et_pb_module\"><div class=\"dipl_interactive_image_card_wrapper\"><figure class=\"effect-milo\"><img loading=\"lazy\" decoding=\"async\" src=\"https:\/\/daivoon.com\/wp-content\/uploads\/2024\/06\/guided-diving-lanzarote-costa-teguise-2.jpeg\" width=\"700\" height=\"466\" srcset=\"https:\/\/daivoon.com\/wp-content\/uploads\/2024\/06\/guided-diving-lanzarote-costa-teguise-2.jpeg 700w, https:\/\/daivoon.com\/wp-content\/uploads\/2024\/06\/guided-diving-lanzarote-costa-teguise-2-480x320.jpeg 480w\" sizes=\"(min-width: 0px) and (max-width: 480px) 480px, (min-width: 481px) 700px, 100vw\" class=\"wp-image-34888\" \/><figcaption><div class=\"dipl_interactive_image_card_wrapper_inner\"><h2 class=\"dipl_interactive_image_card_title\">Gef\u00fchrte Tauchg\u00e4nge<\/h2><div class=\"dipl_interactive_image_card_wrapper_content\"><p>Komm mit auf einen unserer Tauchtrips! Wechselnde Tauchpl\u00e4tze und kleine Gruppen.<\/p><\/div><\/div><\/figcaption><\/figure><\/div><\/div><\/div><div class=\"et_pb_column_3 et_pb_column et_pb_column_1_3 et_block_column et_pb_css_mix_blend_mode_passthrough\"><div class=\"dipl_interactive_image_card_1 dipl_interactive_image_card et_clickable et_pb_module\"><div class=\"dipl_interactive_image_card_wrapper\"><figure class=\"effect-milo\"><img loading=\"lazy\" decoding=\"async\" src=\"https:\/\/daivoon.com\/wp-content\/uploads\/2026\/02\/G0051979-2.png\" width=\"770\" height=\"513\" srcset=\"https:\/\/daivoon.com\/wp-content\/uploads\/2026\/02\/G0051979-2.png 770w, https:\/\/daivoon.com\/wp-content\/uploads\/2026\/02\/G0051979-2-480x320.png 480w\" sizes=\"(min-width: 0px) and (max-width: 480px) 480px, (min-width: 481px) 770px, 100vw\" class=\"wp-image-38207\" \/><figcaption><div class=\"dipl_interactive_image_card_wrapper_inner\"><h2 class=\"dipl_interactive_image_card_title\">Backplate & Wing<\/h2><div class=\"dipl_interactive_image_card_wrapper_content\"><p>Probiere eines unserer Backplate &amp; Wing Sets aus, um dein Tauchen noch weiter zu verbessern.<\/p><\/div><\/div><\/figcaption><\/figure><\/div><\/div><\/div><div class=\"et_pb_column_4 et_pb_column et_pb_column_1_3 et-last-child et_block_column et_pb_css_mix_blend_mode_passthrough\"><div class=\"dipl_interactive_image_card_2 dipl_interactive_image_card et_clickable et_pb_module\"><div class=\"dipl_interactive_image_card_wrapper\"><figure class=\"effect-milo\"><img loading=\"lazy\" decoding=\"async\" src=\"https:\/\/daivoon.com\/wp-content\/uploads\/2026\/02\/Diver-Goetz-4.png\" width=\"770\" height=\"513\" srcset=\"https:\/\/daivoon.com\/wp-content\/uploads\/2026\/02\/Diver-Goetz-4.png 770w, https:\/\/daivoon.com\/wp-content\/uploads\/2026\/02\/Diver-Goetz-4-480x320.png 480w\" sizes=\"(min-width: 0px) and (max-width: 480px) 480px, (min-width: 481px) 770px, 100vw\" class=\"wp-image-38191\" \/><figcaption><div class=\"dipl_interactive_image_card_wrapper_inner\"><h2 class=\"dipl_interactive_image_card_title\">Scooter<\/h2><div class=\"dipl_interactive_image_card_wrapper_content\"><p>Kruse durch den Atlantik mit einem DPV\/Scooter.<\/p><\/div><\/div><\/figcaption><\/figure><\/div><\/div><\/div><\/div><div class=\"et_pb_row_3 et_pb_row et_block_row\"><div class=\"et_pb_column_5 et_pb_column et_pb_column_1_3 et_block_column et_pb_css_mix_blend_mode_passthrough\"><div class=\"dipl_interactive_image_card_3 dipl_interactive_image_card et_clickable et_pb_module\"><div class=\"dipl_interactive_image_card_wrapper\"><figure class=\"effect-milo\"><img loading=\"lazy\" decoding=\"async\" src=\"https:\/\/daivoon.com\/wp-content\/uploads\/2026\/02\/GPTempDownload8.png\" width=\"700\" height=\"466\" srcset=\"https:\/\/daivoon.com\/wp-content\/uploads\/2026\/02\/GPTempDownload8.png 700w, https:\/\/daivoon.com\/wp-content\/uploads\/2026\/02\/GPTempDownload8-480x320.png 480w\" sizes=\"(min-width: 0px) and (max-width: 480px) 480px, (min-width: 481px) 700px, 100vw\" class=\"wp-image-38182\" \/><figcaption><div class=\"dipl_interactive_image_card_wrapper_inner\"><h2 class=\"dipl_interactive_image_card_title\">Sidemount<\/h2><div class=\"dipl_interactive_image_card_wrapper_content\"><p>Genie\u00dfe normale Sporttauchg\u00e4nge mit einem unserer vielen Sidemount-Flaschen.<\/p><\/div><\/div><\/figcaption><\/figure><\/div><\/div><\/div><div class=\"et_pb_column_6 et_pb_column et_pb_column_1_3 et_block_column et_pb_css_mix_blend_mode_passthrough\"><div class=\"dipl_interactive_image_card_4 dipl_interactive_image_card et_clickable et_pb_module\"><div class=\"dipl_interactive_image_card_wrapper\"><figure class=\"effect-milo\"><img loading=\"lazy\" decoding=\"async\" src=\"https:\/\/daivoon.com\/wp-content\/uploads\/2026\/02\/twin-3.png\" width=\"770\" height=\"513\" srcset=\"https:\/\/daivoon.com\/wp-content\/uploads\/2026\/02\/twin-3.png 770w, https:\/\/daivoon.com\/wp-content\/uploads\/2026\/02\/twin-3-480x320.png 480w\" sizes=\"(min-width: 0px) and (max-width: 480px) 480px, (min-width: 481px) 770px, 100vw\" class=\"wp-image-38204\" \/><figcaption><div class=\"dipl_interactive_image_card_wrapper_inner\"><h2 class=\"dipl_interactive_image_card_title\">Twinset<\/h2><div class=\"dipl_interactive_image_card_wrapper_content\"><p>Genie\u00dfe normale Sporttauchg\u00e4nge mit einem unserer vielen Doppelger\u00e4te.<\/p><\/div><\/div><\/figcaption><\/figure><\/div><\/div><\/div><div class=\"et_pb_column_7 et_pb_column et_pb_column_1_3 et-last-child et_block_column et_pb_css_mix_blend_mode_passthrough\"><div class=\"dipl_interactive_image_card_5 dipl_interactive_image_card et_clickable et_pb_module\"><div class=\"dipl_interactive_image_card_wrapper\"><figure class=\"effect-milo\"><img loading=\"lazy\" decoding=\"async\" src=\"https:\/\/daivoon.com\/wp-content\/uploads\/2026\/02\/GPTempDownload.png\" width=\"770\" height=\"513\" srcset=\"https:\/\/daivoon.com\/wp-content\/uploads\/2026\/02\/GPTempDownload.png 770w, https:\/\/daivoon.com\/wp-content\/uploads\/2026\/02\/GPTempDownload-480x320.png 480w\" sizes=\"(min-width: 0px) and (max-width: 480px) 480px, (min-width: 481px) 770px, 100vw\" class=\"wp-image-38198\" \/><figcaption><div class=\"dipl_interactive_image_card_wrapper_inner\"><h2 class=\"dipl_interactive_image_card_title\">Tec Tauchg\u00e4nge<\/h2><div class=\"dipl_interactive_image_card_wrapper_content\"><p>Buche technische Dekompressionstauchg\u00e4nge mit verschiedenen Gasgemischen bis zu 60 Metern.<\/p><\/div><\/div><\/figcaption><\/figure><\/div><\/div><\/div><\/div><div class=\"et_pb_bottom_inside_divider et-no-transition\"><\/div><\/div>\n","protected":false},"excerpt":{"rendered":"","protected":false},"author":1,"featured_media":0,"parent":0,"menu_order":0,"comment_status":"closed","ping_status":"closed","template":"","meta":{"footnotes":""},"class_list":["post-36268","page","type-page","status-publish","hentry"],"_links":{"self":[{"href":"https:\/\/daivoon.com\/de\/wp-json\/wp\/v2\/pages\/36268","targetHints":{"allow":["GET"]}}],"collection":[{"href":"https:\/\/daivoon.com\/de\/wp-json\/wp\/v2\/pages"}],"about":[{"href":"https:\/\/daivoon.com\/de\/wp-json\/wp\/v2\/types\/page"}],"author":[{"embeddable":true,"href":"https:\/\/daivoon.com\/de\/wp-json\/wp\/v2\/users\/1"}],"replies":[{"embeddable":true,"href":"https:\/\/daivoon.com\/de\/wp-json\/wp\/v2\/comments?post=36268"}],"version-history":[{"count":3,"href":"https:\/\/daivoon.com\/de\/wp-json\/wp\/v2\/pages\/36268\/revisions"}],"predecessor-version":[{"id":38728,"href":"https:\/\/daivoon.com\/de\/wp-json\/wp\/v2\/pages\/36268\/revisions\/38728"}],"wp:attachment":[{"href":"https:\/\/daivoon.com\/de\/wp-json\/wp\/v2\/media?parent=36268"}],"curies":[{"name":"wp","href":"https:\/\/api.w.org\/{rel}","templated":true}]}}