{"id":28523,"date":"2022-06-03T08:40:03","date_gmt":"2022-06-03T07:40:03","guid":{"rendered":"https:\/\/diving-in-lanzarote.com\/actividades\/"},"modified":"2026-04-22T18:18:25","modified_gmt":"2026-04-22T17:18:25","slug":"actividades","status":"publish","type":"page","link":"https:\/\/daivoon.com\/es\/actividades\/","title":{"rendered":"Actividades"},"content":{"rendered":"\n<div class=\"et_pb_section_0 et_pb_section et_section_regular et_block_section\"><div class=\"et_pb_row_0 et_pb_row et_block_row\"><div class=\"et_pb_column_0 et_pb_column et_pb_column_4_4 et-last-child et_block_column et_pb_css_mix_blend_mode_passthrough\"><div class=\"dipl_breadcrumb_0 dipl_breadcrumb et_pb_module\"><div class=\"dipl-breadcrumb-wrapper layout2\">\n\t\t\t\t\t<ol class=\"dipl-breadcrumb-inner\" vocab=\"https:\/\/schema.org\/\" typeof=\"BreadcrumbList\">\n\t\t\t\t\t\t<li property=\"itemListElement\" typeof=\"ListItem\" data-icon=\"\">\n\t\t\t\t\t\t<a class=\"breadcrumb-item dipl-home-page\" href=\"https:\/\/daivoon.com\/es\/\" property=\"item\" typeof=\"WebPage\" >\n\t\t\t\t\t\t\t<span class=\"breadcrumb-page\" property=\"name\"><span class=\"breadcrumb-home-icon et-pb-icon\">\ue074<\/span> Home<\/span>\n\t\t\t\t\t\t<\/a>\n\t\t\t\t\t\t<meta property=\"position\" content=\"1\" \/>\n\t\t\t\t\t<\/li>\n\t\t\t\t\t<\/ol>\n\t\t\t\t<\/div><\/div><\/div><\/div><\/div><div class=\"et_pb_section_1 et_pb_section et_section_regular et_block_section section_has_divider et_pb_bottom_divider\"><div class=\"et_pb_row_1 et_pb_row et_block_row\"><div class=\"et_pb_column_1 et_pb_column et_pb_column_4_4 et-last-child et_block_column et_pb_css_mix_blend_mode_passthrough\"><div class=\"et_pb_text_0 et_pb_text et_pb_bg_layout_light et_pb_module et_block_module et_pb_text_align_center\"><div class=\"et_pb_text_inner\"><h2>Nuestra actividades - \u00a1Explora Lanzarote!<\/h2>\n<\/div><\/div><\/div><\/div><div class=\"et_pb_row_2 et_pb_row et_block_row\"><div class=\"et_pb_column_2 et_pb_column et_pb_column_1_3 et_block_column et_pb_css_mix_blend_mode_passthrough\"><div class=\"dipl_interactive_image_card_0 dipl_interactive_image_card et_clickable et_pb_module\"><div class=\"dipl_interactive_image_card_wrapper\"><figure class=\"effect-milo\"><img loading=\"lazy\" decoding=\"async\" src=\"https:\/\/daivoon.com\/wp-content\/uploads\/2024\/06\/IMG_20240326171247-1.jpg\" width=\"770\" height=\"513\" srcset=\"https:\/\/daivoon.com\/wp-content\/uploads\/2024\/06\/IMG_20240326171247-1.jpg 770w, https:\/\/daivoon.com\/wp-content\/uploads\/2024\/06\/IMG_20240326171247-1-480x320.jpg 480w\" sizes=\"(min-width: 0px) and (max-width: 480px) 480px, (min-width: 481px) 770px, 100vw\" class=\"wp-image-34875\" \/><figcaption><div class=\"dipl_interactive_image_card_wrapper_inner\"><h2 class=\"dipl_interactive_image_card_title\">Snorkel<\/h2><div class=\"dipl_interactive_image_card_wrapper_content\"><div class=\"flex flex-grow flex-col max-w-full\">\n<div data-message-author-role=\"assistant\" data-message-id=\"b6eea436-9572-4a75-87a2-a1d97d969e54\" dir=\"auto\" class=\"min-h-[20px] text-message flex flex-col items-start whitespace-pre-wrap break-words [.text-message+&amp;]:mt-5 juice:w-full juice:items-end overflow-x-auto gap-2\">\n<div class=\"flex w-full flex-col gap-1 juice:empty:hidden juice:first:pt-[3px]\">\n<div class=\"markdown prose w-full break-words dark:prose-invert light\">\n<p>Empieza a experimentar el oc\u00e9ano desde la superficie.<\/p>\n<\/div>\n<\/div>\n<\/div>\n<\/div><\/div><\/div><\/figcaption><\/figure><\/div><\/div><\/div><div class=\"et_pb_column_3 et_pb_column et_pb_column_1_3 et_block_column et_pb_css_mix_blend_mode_passthrough\"><div class=\"dipl_interactive_image_card_1 dipl_interactive_image_card et_clickable et_pb_module\"><div class=\"dipl_interactive_image_card_wrapper\"><figure class=\"effect-milo\"><img loading=\"lazy\" decoding=\"async\" src=\"https:\/\/daivoon.com\/wp-content\/uploads\/2024\/06\/G0043794.jpg\" width=\"770\" height=\"513\" srcset=\"https:\/\/daivoon.com\/wp-content\/uploads\/2024\/06\/G0043794.jpg 770w, https:\/\/daivoon.com\/wp-content\/uploads\/2024\/06\/G0043794-480x320.jpg 480w\" sizes=\"(min-width: 0px) and (max-width: 480px) 480px, (min-width: 481px) 770px, 100vw\" class=\"wp-image-34901\" \/><figcaption><div class=\"dipl_interactive_image_card_wrapper_inner\"><h2 class=\"dipl_interactive_image_card_title\">Bautizo<\/h2><div class=\"dipl_interactive_image_card_wrapper_content\"><p>Disfruta de tu primera inmersi\u00f3n en el oc\u00e9ano Atl\u00e1ntico.<\/p><\/div><\/div><\/figcaption><\/figure><\/div><\/div><\/div><div class=\"et_pb_column_4 et_pb_column et_pb_column_1_3 et-last-child et_block_column et_pb_css_mix_blend_mode_passthrough\"><div class=\"dipl_interactive_image_card_2 dipl_interactive_image_card et_clickable et_pb_module\"><div class=\"dipl_interactive_image_card_wrapper\"><figure class=\"effect-milo\"><img loading=\"lazy\" decoding=\"async\" src=\"https:\/\/daivoon.com\/wp-content\/uploads\/2024\/06\/GPTempDownload-2.jpg\" width=\"770\" height=\"513\" srcset=\"https:\/\/daivoon.com\/wp-content\/uploads\/2024\/06\/GPTempDownload-2.jpg 770w, https:\/\/daivoon.com\/wp-content\/uploads\/2024\/06\/GPTempDownload-2-480x320.jpg 480w\" sizes=\"(min-width: 0px) and (max-width: 480px) 480px, (min-width: 481px) 770px, 100vw\" class=\"wp-image-34872\" \/><figcaption><div class=\"dipl_interactive_image_card_wrapper_inner\"><h2 class=\"dipl_interactive_image_card_title\">Cursos de Buceo<\/h2><div class=\"dipl_interactive_image_card_wrapper_content\"><p>Encuentra una gran variedad de cursos para aprender a bucear o mejorar tus habilidades<\/p><\/div><\/div><\/figcaption><\/figure><\/div><\/div><\/div><\/div><div class=\"et_pb_row_3 et_pb_row et_block_row\"><div class=\"et_pb_column_5 et_pb_column et_pb_column_1_3 et_block_column et_pb_css_mix_blend_mode_passthrough\"><div class=\"dipl_interactive_image_card_3 dipl_interactive_image_card et_clickable et_pb_module\"><div class=\"dipl_interactive_image_card_wrapper\"><figure class=\"effect-milo\"><img loading=\"lazy\" decoding=\"async\" src=\"https:\/\/daivoon.com\/wp-content\/uploads\/2024\/06\/guided-diving-lanzarote-costa-teguise-2.jpeg\" width=\"700\" height=\"466\" srcset=\"https:\/\/daivoon.com\/wp-content\/uploads\/2024\/06\/guided-diving-lanzarote-costa-teguise-2.jpeg 700w, https:\/\/daivoon.com\/wp-content\/uploads\/2024\/06\/guided-diving-lanzarote-costa-teguise-2-480x320.jpeg 480w\" sizes=\"(min-width: 0px) and (max-width: 480px) 480px, (min-width: 481px) 700px, 100vw\" class=\"wp-image-34888\" \/><figcaption><div class=\"dipl_interactive_image_card_wrapper_inner\"><h2 class=\"dipl_interactive_image_card_title\">Inmersiones<\/h2><div class=\"dipl_interactive_image_card_wrapper_content\"><p>\u00a1\u00danete a uno de nuestros viajes de buceo! Con sitios de buceo variados y grupos peque\u00f1os<\/p><\/div><\/div><\/figcaption><\/figure><\/div><\/div><\/div><div class=\"et_pb_column_6 et_pb_column et_pb_column_1_3 et_block_column et_pb_css_mix_blend_mode_passthrough\"><div class=\"dipl_interactive_image_card_4 dipl_interactive_image_card et_clickable et_pb_module\"><div class=\"dipl_interactive_image_card_wrapper\"><figure class=\"effect-milo\"><img loading=\"lazy\" decoding=\"async\" src=\"https:\/\/daivoon.com\/wp-content\/uploads\/2026\/02\/GPTempDownload8.png\" width=\"700\" height=\"466\" srcset=\"https:\/\/daivoon.com\/wp-content\/uploads\/2026\/02\/GPTempDownload8.png 700w, https:\/\/daivoon.com\/wp-content\/uploads\/2026\/02\/GPTempDownload8-480x320.png 480w\" sizes=\"(min-width: 0px) and (max-width: 480px) 480px, (min-width: 481px) 700px, 100vw\" class=\"wp-image-38182\" \/><figcaption><div class=\"dipl_interactive_image_card_wrapper_inner\"><h2 class=\"dipl_interactive_image_card_title\">Sidemount<\/h2><div class=\"dipl_interactive_image_card_wrapper_content\"><p>Aprende a bucear con 2 tanques a tu lado<\/p><\/div><\/div><\/figcaption><\/figure><\/div><\/div><\/div><div class=\"et_pb_column_7 et_pb_column et_pb_column_1_3 et-last-child et_block_column et_pb_css_mix_blend_mode_passthrough\"><div class=\"dipl_interactive_image_card_5 dipl_interactive_image_card et_clickable et_pb_module\"><div class=\"dipl_interactive_image_card_wrapper\"><figure class=\"effect-milo\"><img loading=\"lazy\" decoding=\"async\" src=\"https:\/\/daivoon.com\/wp-content\/uploads\/2024\/06\/GPTempDownload-4.jpg\" width=\"770\" height=\"513\" srcset=\"https:\/\/daivoon.com\/wp-content\/uploads\/2024\/06\/GPTempDownload-4.jpg 770w, https:\/\/daivoon.com\/wp-content\/uploads\/2024\/06\/GPTempDownload-4-480x320.jpg 480w\" sizes=\"(min-width: 0px) and (max-width: 480px) 480px, (min-width: 481px) 770px, 100vw\" class=\"wp-image-34924\" \/><figcaption><div class=\"dipl_interactive_image_card_wrapper_inner\"><h2 class=\"dipl_interactive_image_card_title\">Talleres<\/h2><div class=\"dipl_interactive_image_card_wrapper_content\"><p>Avanza en tu buceo con una formacion personalizado<\/p><\/div><\/div><\/figcaption><\/figure><\/div><\/div><\/div><\/div><div class=\"et_pb_bottom_inside_divider et-no-transition\"><\/div><\/div>\n","protected":false},"excerpt":{"rendered":"","protected":false},"author":1,"featured_media":0,"parent":0,"menu_order":0,"comment_status":"closed","ping_status":"closed","template":"","meta":{"footnotes":""},"class_list":["post-28523","page","type-page","status-publish","hentry"],"_links":{"self":[{"href":"https:\/\/daivoon.com\/es\/wp-json\/wp\/v2\/pages\/28523","targetHints":{"allow":["GET"]}}],"collection":[{"href":"https:\/\/daivoon.com\/es\/wp-json\/wp\/v2\/pages"}],"about":[{"href":"https:\/\/daivoon.com\/es\/wp-json\/wp\/v2\/types\/page"}],"author":[{"embeddable":true,"href":"https:\/\/daivoon.com\/es\/wp-json\/wp\/v2\/users\/1"}],"replies":[{"embeddable":true,"href":"https:\/\/daivoon.com\/es\/wp-json\/wp\/v2\/comments?post=28523"}],"version-history":[{"count":3,"href":"https:\/\/daivoon.com\/es\/wp-json\/wp\/v2\/pages\/28523\/revisions"}],"predecessor-version":[{"id":38651,"href":"https:\/\/daivoon.com\/es\/wp-json\/wp\/v2\/pages\/28523\/revisions\/38651"}],"wp:attachment":[{"href":"https:\/\/daivoon.com\/es\/wp-json\/wp\/v2\/media?parent=28523"}],"curies":[{"name":"wp","href":"https:\/\/api.w.org\/{rel}","templated":true}]}}