{"id":28542,"date":"2022-04-25T17:01:08","date_gmt":"2022-04-25T16:01:08","guid":{"rendered":"https:\/\/diving-in-lanzarote.com\/actividades\/snorkel\/"},"modified":"2026-04-23T09:49:05","modified_gmt":"2026-04-23T08:49:05","slug":"snorkel","status":"publish","type":"page","link":"https:\/\/daivoon.com\/es\/actividades\/snorkel\/","title":{"rendered":"Snorkel"},"content":{"rendered":"<div class=\"et_pb_section_0 et_pb_section et_section_regular et_block_section\">\n<div class=\"et_pb_row_0 et_pb_row et_block_row\">\n<div class=\"et_pb_column_0 et_pb_column et_pb_column_4_4 et-last-child et_block_column et_pb_css_mix_blend_mode_passthrough\">\n<div class=\"dipl_breadcrumb_0 dipl_breadcrumb et_pb_module\"><div class=\"dipl-breadcrumb-wrapper layout2\">\n\t\t\t\t\t<ol class=\"dipl-breadcrumb-inner\" vocab=\"https:\/\/schema.org\/\" typeof=\"BreadcrumbList\">\n\t\t\t\t\t\t<li property=\"itemListElement\" typeof=\"ListItem\" data-icon=\"\">\n\t\t\t\t\t\t<a class=\"breadcrumb-item dipl-home-page\" href=\"https:\/\/daivoon.com\/es\/\" property=\"item\" typeof=\"WebPage\" >\n\t\t\t\t\t\t\t<span class=\"breadcrumb-page\" property=\"name\"><span class=\"breadcrumb-home-icon et-pb-icon\">\ue074<\/span> Home<\/span>\n\t\t\t\t\t\t<\/a>\n\t\t\t\t\t\t<meta property=\"position\" content=\"1\" \/>\n\t\t\t\t\t<\/li>\n\t\t\t\t\t<\/ol>\n\t\t\t\t<\/div><\/div>\n<\/div>\n<\/div>\n<\/div>\n\n<div class=\"et_pb_section_1 et_pb_section et_section_regular et_block_section\">\n<div class=\"et_pb_row_1 et_pb_row et_pb_gutters4 et_block_row et_animated\">\n<div class=\"et_pb_column_1 et_pb_column et_pb_column_1_2 et_block_column et_pb_css_mix_blend_mode_passthrough\">\n<div class=\"et_pb_image_0 et_pb_image et_animated et_pb_module et_block_module\"><a href=\"https:\/\/www.divessi.com\/en\/get-certified\/freediving\/snorkel-diver\" target=\"_blank\"><span class=\"et_pb_image_wrap\"><img loading=\"lazy\" decoding=\"async\" src=\"https:\/\/daivoon.com\/wp-content\/uploads\/2023\/03\/snorkelling-lanzarote-costa-teguise.jpg\" width=\"578\" height=\"771\" srcset=\"https:\/\/daivoon.com\/wp-content\/uploads\/2023\/03\/snorkelling-lanzarote-costa-teguise.jpg 578w, https:\/\/daivoon.com\/wp-content\/uploads\/2023\/03\/snorkelling-lanzarote-costa-teguise-480x640.jpg 480w\" sizes=\"(min-width: 0px) and (max-width: 480px) 480px, (min-width: 481px) 578px, 100vw\" class=\"wp-image-32358\" title=\"snorkel-lanzarote-costa-teguise\" alt=\"Snorkel Costa Teguise\" \/><\/span><\/a><\/div>\n<\/div>\n\n<div class=\"et_pb_column_2 et_pb_column et_pb_column_1_2 et-last-child et_block_column et_pb_css_mix_blend_mode_passthrough\">\n<div class=\"et_pb_text_0 et_pb_text et_pb_bg_layout_light et_pb_module et_block_module\"><div class=\"et_pb_text_inner\"><p>Disfruta de la vista desde la superficie<\/p>\n<\/div><\/div>\n\n<div class=\"et_pb_text_1 et_pb_text et_pb_bg_layout_light et_pb_module et_block_module\"><div class=\"et_pb_text_inner\"><h1>Excursiones de snorkel<\/h1>\n<\/div><\/div>\n\n<div class=\"et_pb_divider_0 et_pb_divider et_pb_space et_pb_divider_position_top et_pb_module\"><div class=\"et_pb_divider_internal\"><\/div><\/div>\n\n<div class=\"et_pb_text_2 et_pb_text et_pb_bg_layout_light et_pb_module et_block_module\"><div class=\"et_pb_text_inner\"><p>Si te unes a una de nuestras excursiones de snorkel en Lanzarote, te ense\u00f1aremos las habilidades clave que necesitar\u00e1s para aprovechar al m\u00e1ximo tu tiempo en el agua. Te aconsejaremos c\u00f3mo utilizar correctamente el equipo y te mostraremos las t\u00e9cnicas adecuadas para tener una excursi\u00f3n relajada y agradable, pero segura, en el reino submarino.<\/p>\n<p>El oc\u00e9ano Atl\u00e1ntico ofrece una diversidad de peces y vida marina excelente, en cada rinc\u00f3n puedes encontrar algo interesante.<\/p>\n<p>Nuestras excursiones de snorkel son adecuadas para todas las edades y niveles de experiencia.<\/p>\n<p>Tenemos la opci\u00f3n de hacer fotos tanto a ti como a tus seres queridos mientras haceis snorkel. S\u00f3lo tienes que ped\u00edrnoslo antes de comenzar la actividad.<\/p>\n<p>\u00a1Ll\u00e9vate un buen recuerdo de Lanzarote y forma parte de la familia Daivoon!<\/p>\n<\/div><\/div>\n<\/div>\n<\/div>\n<\/div>\n\n<div class=\"et_pb_section_2 et_pb_section et_section_regular et_block_section\">\n<div class=\"et_pb_row_2 et_pb_row et_block_row\">\n<div class=\"et_pb_column_3 et_pb_column et_pb_column_2_5 et_block_column et_pb_css_mix_blend_mode_passthrough\">\n<div class=\"et_pb_text_3 et_pb_text et_pb_bg_layout_light et_pb_module et_block_module\"><div class=\"et_pb_text_inner\"><p>Factores clave<\/p>\n<\/div><\/div>\n\n<div class=\"et_pb_divider_1 et_pb_divider et_pb_space et_pb_divider_position_top et_pb_module\"><div class=\"et_pb_divider_internal\"><\/div><\/div>\n\n<div class=\"dipl_list_0 dipl_list et_pb_module\"><div class=\"dipl_list_wrapper\"><div class=\"dipl_list_layout dipl_list_default \">\n<div class=\"dipl_list_item_0 dipl_list_item et_pb_module\"><div class=\"dipl-list-item-wrap\"><div class=\"dipl_list-icon use_icon \"><span class=\"et-pb-icon\">\uf5e4<\/span><\/div> <div class=\"dipl_list-item_text\"><p>Servicio de recogida<\/p>\n<\/div> <div class=\"dipl_list-divider\"><\/div><\/div><\/div>\n\n<div class=\"dipl_list_item_1 dipl_list_item et_pb_module\"><div class=\"dipl-list-item-wrap\"><div class=\"dipl_list-icon use_icon \"><span class=\"et-pb-icon\">\uf518<\/span><\/div> <div class=\"dipl_list-item_text\"><p>Introducci\u00f3n a kis conceptos b\u00e1sicos<\/p>\n<\/div> <div class=\"dipl_list-divider\"><\/div><\/div><\/div>\n\n<div class=\"dipl_list_item_2 dipl_list_item et_pb_module\"><div class=\"dipl-list-item-wrap\"><div class=\"dipl_list-icon use_icon \"><span class=\"et-pb-icon\">\uf553<\/span><\/div> <div class=\"dipl_list-item_text\"><p>Traje, Mascara, Tubo y Aletas<\/p>\n<\/div> <div class=\"dipl_list-divider\"><\/div><\/div><\/div>\n\n<div class=\"dipl_list_item_3 dipl_list_item et_pb_module\"><div class=\"dipl-list-item-wrap\"><div class=\"dipl_list-icon use_icon \"><span class=\"et-pb-icon\">\uf578<\/span><\/div> <div class=\"dipl_list-item_text\"><p>Excursion de 40 minutos<\/p>\n<\/div> <div class=\"dipl_list-divider\"><\/div><\/div><\/div>\n\n<div class=\"dipl_list_item_4 dipl_list_item et_pb_module\"><div class=\"dipl-list-item-wrap\"><div class=\"dipl_list-icon use_icon \"><span class=\"et-pb-icon\">\uf508<\/span><\/div> <div class=\"dipl_list-item_text\"><p>Guiada<\/p>\n<\/div> <div class=\"dipl_list-divider\"><\/div><\/div><\/div>\n\n<div class=\"dipl_list_item_5 dipl_list_item et_pb_module\"><div class=\"dipl-list-item-wrap\"><div class=\"dipl_list-icon use_icon \"><span class=\"et-pb-icon\">\uf505<\/span><\/div> <div class=\"dipl_list-item_text\"><p>Seguro<\/p>\n<\/div> <div class=\"dipl_list-divider\"><\/div><\/div><\/div>\n\n<div class=\"dipl_list_item_6 dipl_list_item et_pb_module\"><div class=\"dipl-list-item-wrap\"><div class=\"dipl_list-icon use_icon \"><span class=\"et-pb-icon\">\uf1ae<\/span><\/div> <div class=\"dipl_list-item_text\"><p>Edad minima de 8 a\u00f1os<\/p>\n<\/div> <div class=\"dipl_list-divider\"><\/div><\/div><\/div>\n\n<div class=\"dipl_list_item_7 dipl_list_item et_pb_module\"><div class=\"dipl-list-item-wrap\"><div class=\"dipl_list-icon use_icon \"><span class=\"et-pb-icon\">\uf5c4<\/span><\/div> <div class=\"dipl_list-item_text\"><p>Conocimientos b\u00e1sicos de nataci\u00f3n<\/p>\n<\/div> <div class=\"dipl_list-divider\"><\/div><\/div><\/div>\n<\/div><\/div><\/div>\n<\/div>\n\n<div class=\"et_pb_column_4 et_pb_column et_pb_column_3_5 et-last-child et_block_column et_pb_css_mix_blend_mode_passthrough\">\n<div class=\"dipl_timeline_0 dipl_timeline et_pb_module\"><div class=\"dipl_timeline_alternate\"><div class=\"dipl_timeline_wrapper\">\n<div class=\"dipl_timeline_item_0 dipl_timeline_item et_pb_module\"><div class=\"dipl_icon_tree dipl_timeline_item_wrapper\"><div class=\"dipl_stem_center\"><div class=\"dipl_icon_wrapper\"><span class=\"dipl_item_icon dipl_item_circle\"><\/span><\/div><\/div>\n\t\t\t\t<div class=\"dipl_item_content\">\n\t\t\t\t\t<div class=\"dipl_item_content_inner\">\n\t\t\t\t\t\t <h3 class=\"dipl_item_title\">14:30<\/h3> <div class=\"dipl_item_desc\"><p>Llegada al centro de buceo<\/p>\n<\/div>\n\t\t\t\t\t\t<span class=\"dipl_triangle\"><\/span>\n\t\t\t\t\t<\/div>\n\t\t\t\t<\/div><div class=\"dipl_date_container\"><\/div><\/div><\/div>\n\n<div class=\"dipl_timeline_item_1 dipl_timeline_item et_pb_module\"><div class=\"dipl_icon_tree dipl_timeline_item_wrapper\"><div class=\"dipl_stem_center\"><div class=\"dipl_icon_wrapper\"><span class=\"dipl_item_icon dipl_item_circle\"><\/span><\/div><\/div>\n\t\t\t\t<div class=\"dipl_item_content\">\n\t\t\t\t\t<div class=\"dipl_item_content_inner\">\n\t\t\t\t\t\t <h3 class=\"dipl_item_title\">15:00<\/h3> <div class=\"dipl_item_desc\"><p>Charla te\u00f3rica y de seguridad<\/p>\n<\/div>\n\t\t\t\t\t\t<span class=\"dipl_triangle\"><\/span>\n\t\t\t\t\t<\/div>\n\t\t\t\t<\/div><div class=\"dipl_date_container\"><\/div><\/div><\/div>\n\n<div class=\"dipl_timeline_item_2 dipl_timeline_item et_pb_module\"><div class=\"dipl_icon_tree dipl_timeline_item_wrapper\"><div class=\"dipl_stem_center\"><div class=\"dipl_icon_wrapper\"><span class=\"dipl_item_icon dipl_item_circle\"><\/span><\/div><\/div>\n\t\t\t\t<div class=\"dipl_item_content\">\n\t\t\t\t\t<div class=\"dipl_item_content_inner\">\n\t\t\t\t\t\t <h3 class=\"dipl_item_title\">15:30<\/h3> <div class=\"dipl_item_desc\"><p>Comienzo del tour<\/p>\n<\/div>\n\t\t\t\t\t\t<span class=\"dipl_triangle\"><\/span>\n\t\t\t\t\t<\/div>\n\t\t\t\t<\/div><div class=\"dipl_date_container\"><\/div><\/div><\/div>\n\n<div class=\"dipl_timeline_item_3 dipl_timeline_item et_pb_module\"><div class=\"dipl_icon_tree dipl_timeline_item_wrapper\"><div class=\"dipl_stem_center\"><div class=\"dipl_icon_wrapper\"><span class=\"dipl_item_icon dipl_item_circle\"><\/span><\/div><\/div>\n\t\t\t\t<div class=\"dipl_item_content\">\n\t\t\t\t\t<div class=\"dipl_item_content_inner\">\n\t\t\t\t\t\t <h3 class=\"dipl_item_title\">16:20<\/h3> <div class=\"dipl_item_desc\"><p>Salir el Agua<\/p>\n<\/div>\n\t\t\t\t\t\t<span class=\"dipl_triangle\"><\/span>\n\t\t\t\t\t<\/div>\n\t\t\t\t<\/div><div class=\"dipl_date_container\"><\/div><\/div><\/div>\n\n<div class=\"dipl_timeline_item_4 dipl_timeline_item et_pb_module\"><div class=\"dipl_icon_tree dipl_timeline_item_wrapper\"><div class=\"dipl_stem_center\"><div class=\"dipl_icon_wrapper\"><span class=\"dipl_item_icon dipl_item_circle\"><\/span><\/div><\/div>\n\t\t\t\t<div class=\"dipl_item_content\">\n\t\t\t\t\t<div class=\"dipl_item_content_inner\">\n\t\t\t\t\t\t <h3 class=\"dipl_item_title\">16:50<\/h3> <div class=\"dipl_item_desc\"><p>Fin del Tour<\/p>\n<\/div>\n\t\t\t\t\t\t<span class=\"dipl_triangle\"><\/span>\n\t\t\t\t\t<\/div>\n\t\t\t\t<\/div><div class=\"dipl_date_container\"><\/div><\/div><\/div>\n<\/div>\n\t\t\t\t<div class=\"dipl_timeline_alternate_stem dipl_icon_tree_stem\">\n\t\t\t\t\t<div class=\"dipl_stem_wrapper\"><div class=\"dipl_stem\"><\/div><\/div>\n\t\t\t\t<\/div><\/div><\/div>\n<\/div>\n<\/div>\n<\/div>\n\n<div class=\"et_pb_section_3 et_pb_section et_section_regular et_block_section section_has_divider et_pb_bottom_divider\">\n<div class=\"et_pb_row_3 et_pb_row et_pb_row_4col et_block_row et_block_row_4col\">\n<div class=\"et_pb_column_5 et_pb_column et_pb_column_1_4 et_block_column et_pb_css_mix_blend_mode_passthrough\">\n<div class=\"dipl_price_list_0 dipl_price_list et_pb_module\"><div class=\"dipl_price_list_layout dipl_price_list_layout2 dipl_currency_pos_left\">\n<div class=\"dipl_price_list_item_0 dipl_price_list_item et_pb_text_align_center et_pb_module\"><div class=\"dipl_price_list_item_wrap\"><div class=\"dipl_price_list_item_icon\"><span class=\"et-pb-icon dipl_price_list_icon \"><\/span><\/div><div class=\"dipl_price_list_item_price_wrap\"><span class=\"dipl_price_list_item_currency\"> <\/span><span class=\"dipl_price_list_item_price\">30 \u20ac<\/span><span class=\"dipl_price_list_item_price_period\">\n\t\t\t\t<span class=\"dipl_price_period_divider\">\/<\/span>DIA\n\t\t\t<\/span><\/div><div class=\"dipl_price_list_item_name_wrap\"><h4 class=\"dipl_price_list_item_name\">Alquiler material<\/h4><\/div><div class=\"dipl_price_list_item_description\"><p>Sin gu\u00eda<\/p>\n<p>M\u00e1scara y tubo<\/p>\n<p>Traje de neopreno<\/p>\n<p>Botas y aletas<\/p>\n<\/div><\/div><\/div>\n<\/div><\/div>\n<\/div>\n\n<div class=\"et_pb_column_6 et_pb_column et_pb_column_1_4 et_block_column et_pb_css_mix_blend_mode_passthrough\">\n<div class=\"dipl_price_list_1 dipl_price_list et_pb_module\"><div class=\"dipl_price_list_layout dipl_price_list_layout2 dipl_currency_pos_left\">\n<div class=\"dipl_price_list_item_1 dipl_price_list_item et_pb_text_align_center et_pb_module\"><div class=\"dipl_price_list_item_wrap\"><div class=\"dipl_price_list_item_icon\"><span class=\"et-pb-icon dipl_price_list_icon \"><\/span><\/div><div class=\"dipl_price_list_item_price_wrap\"><span class=\"dipl_price_list_item_currency\"> <\/span><span class=\"dipl_price_list_item_price\">50 \u20ac<\/span><\/div><div class=\"dipl_price_list_item_name_wrap\"><h4 class=\"dipl_price_list_item_name\">Excursi\u00f3n de Snorkel<\/h4><\/div><div class=\"dipl_price_list_item_description\"><p>Gu\u00eda<\/p>\n<p>Equipo de Snorkel<\/p>\n<p>Seguro<\/p>\n<p>Transporte<\/p>\n<\/div><\/div><\/div>\n<\/div><\/div>\n<\/div>\n\n<div class=\"et_pb_column_7 et_pb_column et_pb_column_1_4 et_block_column et_pb_css_mix_blend_mode_passthrough\">\n<div class=\"dipl_price_list_2 dipl_price_list et_pb_module\"><div class=\"dipl_price_list_layout dipl_price_list_layout2 dipl_currency_pos_left\">\n<div class=\"dipl_price_list_item_2 dipl_price_list_item et_pb_text_align_center et_pb_module\"><div class=\"dipl_price_list_item_wrap\"><div class=\"dipl_price_list_item_icon\"><span class=\"et-pb-icon dipl_price_list_icon \"><\/span><\/div><div class=\"dipl_price_list_item_price_wrap\"><span class=\"dipl_price_list_item_currency\"> <\/span><span class=\"dipl_price_list_item_price\">75 \u20ac<\/span><\/div><div class=\"dipl_price_list_item_name_wrap\"><h4 class=\"dipl_price_list_item_name\">Excursi\u00f3n de Snorkel privada<\/h4><\/div><div class=\"dipl_price_list_item_description\"><p>Gu\u00eda privado<\/p>\n<p>Equipo de Snorkel<\/p>\n<p>Seguro<\/p>\n<p>Transporte<\/p>\n<\/div><\/div><\/div>\n<\/div><\/div>\n<\/div>\n\n<div class=\"et_pb_column_8 et_pb_column et_pb_column_1_4 et-last-child et_block_column et_pb_css_mix_blend_mode_passthrough\">\n<div class=\"dipl_price_list_3 dipl_price_list et_pb_module\"><div class=\"dipl_price_list_layout dipl_price_list_layout2 dipl_currency_pos_left\">\n<div class=\"dipl_price_list_item_3 dipl_price_list_item et_pb_text_align_center et_pb_module\"><div class=\"dipl_price_list_item_wrap\"><div class=\"dipl_price_list_item_icon\"><span class=\"et-pb-icon dipl_price_list_icon \"><\/span><\/div><div class=\"dipl_price_list_item_price_wrap\"><span class=\"dipl_price_list_item_currency\"> <\/span><span class=\"dipl_price_list_item_price\">25 \u20ac<\/span><\/div><div class=\"dipl_price_list_item_name_wrap\"><h4 class=\"dipl_price_list_item_name\">Fotos de la Excursi\u00f3n<\/h4><\/div><div class=\"dipl_price_list_item_description\"><p>Approx. 50 fotos<\/p>\n<p>de tu y la vida marina<\/p>\n<p>facil de descargar<\/p>\n<p>via un enlace!<\/p>\n<\/div><\/div><\/div>\n<\/div><\/div>\n<\/div>\n<\/div>\n\n<div class=\"et_pb_row_4 et_pb_row et_block_row\">\n<div class=\"et_pb_column_9 et_pb_column et_pb_column_4_4 et-last-child et_block_column et_pb_css_mix_blend_mode_passthrough\">\n<div class=\"et_pb_text_4 et_pb_text et_pb_bg_layout_light et_pb_module et_block_module\"><div class=\"et_pb_text_inner\"><h2 style=\"text-align: center;\">Los mejores sitios para hacer snorkel<\/h2>\n<\/div><\/div>\n\n<div class=\"et_pb_divider_2 et_pb_divider et_pb_space et_pb_divider_position_top et_pb_module\"><div class=\"et_pb_divider_internal\"><\/div><\/div>\n<\/div>\n<\/div>\n\n<div class=\"et_pb_row_5 et_pb_row et_block_row\">\n<div class=\"et_pb_column_10 et_pb_column et_pb_column_1_3 et_block_column et_pb_css_mix_blend_mode_passthrough\">\n<div class=\"dipl_interactive_image_card_0 dipl_interactive_image_card et_clickable et_pb_module\"><div class=\"dipl_interactive_image_card_wrapper\"><figure class=\"effect-oscar\"><img loading=\"lazy\" decoding=\"async\" src=\"https:\/\/daivoon.com\/wp-content\/uploads\/2022\/04\/Lanzarote-10.1-Playa-del-Jablillo.jpg\" alt=\"Playa Jablillo\" width=\"320\" height=\"200\" srcset=\"https:\/\/daivoon.com\/wp-content\/uploads\/2022\/04\/Lanzarote-10.1-Playa-del-Jablillo.jpg 320w, https:\/\/daivoon.com\/wp-content\/uploads\/2022\/04\/Lanzarote-10.1-Playa-del-Jablillo-300x188.jpg 300w\" sizes=\"(max-width: 320px) 100vw, 320px\" class=\"wp-image-24959\" \/><figcaption><div class=\"dipl_interactive_image_card_wrapper_inner\"><h2 class=\"dipl_interactive_image_card_title\">Playa Jablillo<\/h2><div class=\"dipl_interactive_image_card_wrapper_content\"><p>Costa Teguise<\/p><\/div><\/div><\/figcaption><\/figure><\/div><\/div>\n<\/div>\n\n<div class=\"et_pb_column_11 et_pb_column et_pb_column_1_3 et_block_column et_pb_css_mix_blend_mode_passthrough\">\n<div class=\"dipl_interactive_image_card_1 dipl_interactive_image_card et_clickable et_pb_module\"><div class=\"dipl_interactive_image_card_wrapper\"><figure class=\"effect-oscar\"><img loading=\"lazy\" decoding=\"async\" src=\"https:\/\/daivoon.com\/wp-content\/uploads\/2022\/04\/Lanzarote-19-El-Muellito-y-Playa-Chica.jpg\" alt=\"Playa Jablillo\" width=\"320\" height=\"200\" srcset=\"https:\/\/daivoon.com\/wp-content\/uploads\/2022\/04\/Lanzarote-19-El-Muellito-y-Playa-Chica.jpg 320w, https:\/\/daivoon.com\/wp-content\/uploads\/2022\/04\/Lanzarote-19-El-Muellito-y-Playa-Chica-300x188.jpg 300w\" sizes=\"(max-width: 320px) 100vw, 320px\" class=\"wp-image-24962\" \/><figcaption><div class=\"dipl_interactive_image_card_wrapper_inner\"><h2 class=\"dipl_interactive_image_card_title\">Playa Chica<\/h2><div class=\"dipl_interactive_image_card_wrapper_content\"><p>Puerto del Carmen<\/p><\/div><\/div><\/figcaption><\/figure><\/div><\/div>\n<\/div>\n\n<div class=\"et_pb_column_12 et_pb_column et_pb_column_1_3 et-last-child et_block_column et_pb_css_mix_blend_mode_passthrough\">\n<div class=\"dipl_interactive_image_card_2 dipl_interactive_image_card et_clickable et_pb_module\"><div class=\"dipl_interactive_image_card_wrapper\"><figure class=\"effect-oscar\"><img loading=\"lazy\" decoding=\"async\" src=\"https:\/\/daivoon.com\/wp-content\/uploads\/2022\/04\/Lanzarote-19-El-Muellito-y-Playa-Chica.jpg\" alt=\"Playa Jablillo\" width=\"320\" height=\"200\" srcset=\"https:\/\/daivoon.com\/wp-content\/uploads\/2022\/04\/Lanzarote-19-El-Muellito-y-Playa-Chica.jpg 320w, https:\/\/daivoon.com\/wp-content\/uploads\/2022\/04\/Lanzarote-19-El-Muellito-y-Playa-Chica-300x188.jpg 300w\" sizes=\"(max-width: 320px) 100vw, 320px\" class=\"wp-image-24962\" \/><figcaption><div class=\"dipl_interactive_image_card_wrapper_inner\"><h2 class=\"dipl_interactive_image_card_title\">Playa Flamingo<\/h2><div class=\"dipl_interactive_image_card_wrapper_content\"><p>Playa Blanca<\/p><\/div><\/div><\/figcaption><\/figure><\/div><\/div>\n<\/div>\n<\/div>\n<div class=\"et_pb_bottom_inside_divider et-no-transition\"><\/div><\/div>","protected":false},"excerpt":{"rendered":"","protected":false},"author":1,"featured_media":0,"parent":28523,"menu_order":0,"comment_status":"closed","ping_status":"closed","template":"","meta":{"footnotes":""},"class_list":["post-28542","page","type-page","status-publish","hentry"],"_links":{"self":[{"href":"https:\/\/daivoon.com\/es\/wp-json\/wp\/v2\/pages\/28542","targetHints":{"allow":["GET"]}}],"collection":[{"href":"https:\/\/daivoon.com\/es\/wp-json\/wp\/v2\/pages"}],"about":[{"href":"https:\/\/daivoon.com\/es\/wp-json\/wp\/v2\/types\/page"}],"author":[{"embeddable":true,"href":"https:\/\/daivoon.com\/es\/wp-json\/wp\/v2\/users\/1"}],"replies":[{"embeddable":true,"href":"https:\/\/daivoon.com\/es\/wp-json\/wp\/v2\/comments?post=28542"}],"version-history":[{"count":4,"href":"https:\/\/daivoon.com\/es\/wp-json\/wp\/v2\/pages\/28542\/revisions"}],"predecessor-version":[{"id":38894,"href":"https:\/\/daivoon.com\/es\/wp-json\/wp\/v2\/pages\/28542\/revisions\/38894"}],"up":[{"embeddable":true,"href":"https:\/\/daivoon.com\/es\/wp-json\/wp\/v2\/pages\/28523"}],"wp:attachment":[{"href":"https:\/\/daivoon.com\/es\/wp-json\/wp\/v2\/media?parent=28542"}],"curies":[{"name":"wp","href":"https:\/\/api.w.org\/{rel}","templated":true}]}}