{"id":28544,"date":"2022-06-24T10:24:51","date_gmt":"2022-06-24T09:24:51","guid":{"rendered":"https:\/\/diving-in-lanzarote.com\/reservar\/"},"modified":"2026-04-22T18:18:41","modified_gmt":"2026-04-22T17:18:41","slug":"reservar","status":"publish","type":"page","link":"https:\/\/daivoon.com\/es\/reservar\/","title":{"rendered":"Reservar"},"content":{"rendered":"\n<div class=\"et_pb_section_0 et_pb_section et_section_regular et_block_section\"><div class=\"et_pb_row_0 et_pb_row et_block_row\"><div class=\"et_pb_column_0 et_pb_column et_pb_column_4_4 et-last-child et_block_column et_pb_css_mix_blend_mode_passthrough\"><div class=\"dipl_breadcrumb_0 dipl_breadcrumb et_pb_module\"><div class=\"dipl-breadcrumb-wrapper layout2\">\n\t\t\t\t\t<ol class=\"dipl-breadcrumb-inner\" vocab=\"https:\/\/schema.org\/\" typeof=\"BreadcrumbList\">\n\t\t\t\t\t\t<li property=\"itemListElement\" typeof=\"ListItem\" data-icon=\"\">\n\t\t\t\t\t\t<a class=\"breadcrumb-item dipl-home-page\" href=\"https:\/\/daivoon.com\/es\/\" property=\"item\" typeof=\"WebPage\" >\n\t\t\t\t\t\t\t<span class=\"breadcrumb-page\" property=\"name\"><span class=\"breadcrumb-home-icon et-pb-icon\">\ue074<\/span> Home<\/span>\n\t\t\t\t\t\t<\/a>\n\t\t\t\t\t\t<meta property=\"position\" content=\"1\" \/>\n\t\t\t\t\t<\/li>\n\t\t\t\t\t<\/ol>\n\t\t\t\t<\/div><\/div><\/div><\/div><\/div><div class=\"et_pb_section_1 et_pb_section et_section_regular et_block_section\"><div class=\"et_pb_row_1 et_pb_row et_block_row\"><div class=\"et_pb_column_1 et_pb_column et_pb_column_4_4 et-last-child et_block_column et_pb_css_mix_blend_mode_passthrough\"><div class=\"et_pb_text_0 et_pb_text et_pb_bg_layout_light et_pb_module et_block_module\"><div class=\"et_pb_text_inner\"><p>Reserve su viaje de buceo<\/p>\n<\/div><\/div><div class=\"et_pb_text_1 et_pb_text et_pb_bg_layout_light et_pb_module et_block_module\"><div class=\"et_pb_text_inner\"><h1>Reserva tu aventura aqu\u00ed<\/h1>\n<\/div><\/div><div class=\"et_pb_divider_0 et_pb_divider et_pb_space et_pb_divider_position_top et_pb_module\"><div class=\"et_pb_divider_internal\"><\/div><\/div><\/div><\/div><div class=\"et_pb_row_2 et_pb_row et_block_row\"><div class=\"et_pb_column_2 et_pb_column et_pb_column_3_5 et_block_column et_pb_css_mix_blend_mode_passthrough\"><div class=\"dipl_how_to_schema_0 dipl_how_to_schema et_pb_module\"><div class=\"dipl_how_to_wrapper\" itemscope itemtype=\"http:\/\/schema.org\/HowTo\">       <div class=\"dipl_how_to_step_wrapper\"><div class=\"dipl_how_to_schema_item_0 dipl_how_to_schema_item et_pb_module\"><div id=\"item_dipl_how_to_schema_item_0\" class=\"dipl_step_wrapper\" itemprop=\"step\" itemscope itemtype=\"http:\/\/schema.org\/HowToStep\"><div class=\"dipl_step_content\"><div class=\"dipl_step_title\" itemprop=\"name\"><h4>Cont\u00e1ctanos<\/h4><\/div> <div class=\"dipl_step_desc\" itemprop=\"text\"><p>Dinos <strong>tu nivel de experiencia<\/strong> (cu\u00e1ntas inmersiones, nivel de cualificaci\u00f3n, etc.) y lo <strong>que te gustar\u00eda hacer<\/strong>. \u00bfUna inmersi\u00f3n para principiantes? \u00bfUna de aventura guiada? Sea lo que sea escr\u00edbenos o ll\u00e1manos y te responderemos lo antes posible.<\/p>\n<p>Tambi\u00e9n puedes encontrar informaci\u00f3n sobre <a href=\"https:\/\/daivoon.com\/es\/divesites\/\" title=\"divesites lanzarote\">los sitios de buceo<\/a>, <a href=\"https:\/\/daivoon.com\/es\/precios\/\" title=\"Precios\">los precios<\/a> y algunas <a href=\"https:\/\/daivoon.com\/es\/preguntas-frecuentes\/\" title=\"Preguntas frecuentes\">preguntas frecuentes<\/a> directamente aqu\u00ed en la p\u00e1gina web.<\/p>\n<\/div><\/div>\n\t\t\t\t<meta itemprop=\"url\" content=\"http:\/\/daivoon.com\/es\/wp-json\/wp\/v2\/pages\/28544#item_dipl_how_to_schema_item_0\" \/><\/div><\/div><div class=\"dipl_how_to_schema_item_1 dipl_how_to_schema_item et_pb_module\"><div id=\"item_dipl_how_to_schema_item_1\" class=\"dipl_step_wrapper\" itemprop=\"step\" itemscope itemtype=\"http:\/\/schema.org\/HowToStep\"><div class=\"dipl_step_content\"><div class=\"dipl_step_title\" itemprop=\"name\"><h4>Confirma la fecha<\/h4><\/div> <div class=\"dipl_step_desc\" itemprop=\"text\"><p>Cada semana tenemos una selecci\u00f3n variada de inmersiones en diferentes lugares, ya que intentamos asegurarnos de que cada buzo vaya a el lugar que m\u00e1s le guste si nos lo pide. Siempre intentamos que nuestros <strong>grupos sean peque\u00f1os<\/strong> y est\u00e9n<strong> organizados por niveles de experiencia<\/strong>.<\/p>\n<p>Por eso, agradecemos hacer las reservas lo antes posible, para que est\u00e9n en nuestro calendario lo antes posible. Dinos qu\u00e9 d\u00edas te vienen mejor y te lo organizamos.<\/p>\n<\/div><\/div>\n\t\t\t\t<meta itemprop=\"url\" content=\"http:\/\/daivoon.com\/es\/wp-json\/wp\/v2\/pages\/28544#item_dipl_how_to_schema_item_1\" \/><\/div><\/div><div class=\"dipl_how_to_schema_item_2 dipl_how_to_schema_item et_pb_module\"><div id=\"item_dipl_how_to_schema_item_2\" class=\"dipl_step_wrapper\" itemprop=\"step\" itemscope itemtype=\"http:\/\/schema.org\/HowToStep\"><div class=\"dipl_step_content\"><div class=\"dipl_step_title\" itemprop=\"name\"><h4>Firma los papeles <\/h4><\/div> <div class=\"dipl_step_desc\" itemprop=\"text\"><p><strong>Descarga los formularios<\/strong> para reservar tu aventura con Daivoon. Env\u00edanoslos por correo o impr\u00edmelos y traelos al centro, rellenados.<\/p>\n<p>Lo mejor es utilizar Adobe Reader (o similar), ya que ofrece la opci\u00f3n de \"firmar y editar\".<\/p>\n<\/div><\/div>\n\t\t\t\t<meta itemprop=\"url\" content=\"http:\/\/daivoon.com\/es\/wp-json\/wp\/v2\/pages\/28544#item_dipl_how_to_schema_item_2\" \/><\/div><\/div><\/div><\/div><\/div><\/div><div class=\"et_pb_column_3 et_pb_column et_pb_column_2_5 et-last-child et_block_column et_pb_css_mix_blend_mode_passthrough\"><div class=\"et_pb_image_0 et_pb_image et_pb_module et_block_module\"><span class=\"et_pb_image_wrap\"><img loading=\"lazy\" decoding=\"async\" src=\"https:\/\/daivoon.com\/wp-content\/uploads\/2022\/06\/book-with-daivoon-diving.jpeg\" width=\"383\" height=\"510\" srcset=\"https:\/\/daivoon.com\/wp-content\/uploads\/2022\/06\/book-with-daivoon-diving.jpeg 383w, https:\/\/daivoon.com\/wp-content\/uploads\/2022\/06\/book-with-daivoon-diving-225x300.jpeg 225w\" sizes=\"(max-width: 383px) 100vw, 383px\" class=\"wp-image-26888\" title=\"Book your diving\" alt=\"Reserve su inmersi\u00f3n\" \/><\/span><\/div><div class=\"et_pb_text_2 et_pb_text et_pb_bg_layout_light et_pb_module et_block_module\"><div class=\"et_pb_text_inner\"><p><em>Hola! Soy <a href=\"https:\/\/daivoon.com\/dipl-team-member\/diving-instructor-michi-jedinger\/\">Michi<\/a>, la directora del centro. Es posible que ya me conozcas si nos has mandado un email o nos has llamado, ya que soy la encargada de la oficina. Estar\u00e9 encantada de ayudarte con cualquier tema relacionado con el buceo si me mandas un correo o llamas al centro.<\/em><\/p>\n<\/div><\/div><\/div><\/div><div class=\"et_pb_row_3 et_pb_row et_block_row\"><div class=\"et_pb_column_4 et_pb_column et_pb_column_2_3 et_block_column et_pb_css_mix_blend_mode_passthrough\"><div class=\"et_pb_text_3 et_pb_text et_pb_bg_layout_light et_pb_module et_block_module et_pb_text_align_center-phone\"><div class=\"et_pb_text_inner\"><p>Descargue los formularios para reservar su actividad de buceo<\/p>\n<\/div><\/div><\/div><div class=\"et_pb_column_5 et_pb_column et_pb_column_1_3 et-last-child et_block_column et_pb_css_mix_blend_mode_passthrough\"><div class=\"et_pb_module et_pb_button_module_wrapper et_pb_button_0_wrapper\"><a class=\"et_pb_button_0 et_pb_button et_pb_bg_layout_light et_pb_module et_block_module\" href=\"https:\/\/daivoon.com\/es\/application-daivoon-2025-espanol-2\/\" target=\"_blank\" data-icon=\"\ue092\">Descargar<\/a><\/div><\/div><\/div><\/div><div class=\"et_pb_section_2 et_pb_section et_section_regular et_block_section section_has_divider et_pb_bottom_divider\"><div class=\"et_pb_bottom_inside_divider et-no-transition\"><\/div><\/div>\n","protected":false},"excerpt":{"rendered":"","protected":false},"author":1,"featured_media":0,"parent":0,"menu_order":0,"comment_status":"closed","ping_status":"closed","template":"","meta":{"footnotes":""},"class_list":["post-28544","page","type-page","status-publish","hentry"],"_links":{"self":[{"href":"https:\/\/daivoon.com\/es\/wp-json\/wp\/v2\/pages\/28544","targetHints":{"allow":["GET"]}}],"collection":[{"href":"https:\/\/daivoon.com\/es\/wp-json\/wp\/v2\/pages"}],"about":[{"href":"https:\/\/daivoon.com\/es\/wp-json\/wp\/v2\/types\/page"}],"author":[{"embeddable":true,"href":"https:\/\/daivoon.com\/es\/wp-json\/wp\/v2\/users\/1"}],"replies":[{"embeddable":true,"href":"https:\/\/daivoon.com\/es\/wp-json\/wp\/v2\/comments?post=28544"}],"version-history":[{"count":3,"href":"https:\/\/daivoon.com\/es\/wp-json\/wp\/v2\/pages\/28544\/revisions"}],"predecessor-version":[{"id":38674,"href":"https:\/\/daivoon.com\/es\/wp-json\/wp\/v2\/pages\/28544\/revisions\/38674"}],"wp:attachment":[{"href":"https:\/\/daivoon.com\/es\/wp-json\/wp\/v2\/media?parent=28544"}],"curies":[{"name":"wp","href":"https:\/\/api.w.org\/{rel}","templated":true}]}}