{"id":33267,"date":"2023-08-15T11:04:18","date_gmt":"2023-08-15T10:04:18","guid":{"rendered":"https:\/\/daivoon.com\/sidemount-diving-lanzarote\/"},"modified":"2026-04-22T18:19:10","modified_gmt":"2026-04-22T17:19:10","slug":"buceo-sidemount-lanzarote","status":"publish","type":"page","link":"https:\/\/daivoon.com\/es\/actividades\/buceo-sidemount-lanzarote\/","title":{"rendered":"Sidemount"},"content":{"rendered":"\n<div class=\"et_pb_section_0 et_pb_section et_section_regular et_block_section\"><div class=\"et_pb_row_0 et_pb_row et_block_row\"><div class=\"et_pb_column_0 et_pb_column et_pb_column_4_4 et-last-child et_block_column et_pb_css_mix_blend_mode_passthrough\"><div class=\"dipl_breadcrumb_0 dipl_breadcrumb et_pb_module\"><div class=\"dipl-breadcrumb-wrapper layout2\">\n\t\t\t\t\t<ol class=\"dipl-breadcrumb-inner\" vocab=\"https:\/\/schema.org\/\" typeof=\"BreadcrumbList\">\n\t\t\t\t\t\t<li property=\"itemListElement\" typeof=\"ListItem\" data-icon=\"\">\n\t\t\t\t\t\t<a class=\"breadcrumb-item dipl-home-page\" href=\"https:\/\/daivoon.com\/es\/\" property=\"item\" typeof=\"WebPage\" >\n\t\t\t\t\t\t\t<span class=\"breadcrumb-page\" property=\"name\"><span class=\"breadcrumb-home-icon et-pb-icon\">\ue074<\/span> Home<\/span>\n\t\t\t\t\t\t<\/a>\n\t\t\t\t\t\t<meta property=\"position\" content=\"1\" \/>\n\t\t\t\t\t<\/li>\n\t\t\t\t\t<\/ol>\n\t\t\t\t<\/div><\/div><\/div><\/div><\/div><div class=\"et_pb_section_1 et_pb_section et_section_regular et_block_section\"><div class=\"et_pb_row_1 et_pb_row et_block_row\"><div class=\"et_pb_column_1 et_pb_column et_pb_column_4_4 et-last-child et_block_column et_pb_css_mix_blend_mode_passthrough\"><div class=\"et_pb_text_0 et_pb_text et_pb_bg_layout_light et_pb_module et_block_module\"><div class=\"et_pb_text_inner\"><p>Sidemount Diving<\/p>\n<\/div><\/div><div class=\"et_pb_text_1 et_pb_text et_pb_bg_layout_light et_pb_module et_block_module\"><div class=\"et_pb_text_inner\"><h1>LA EXPERIENCIA M\u00c1S LIBRE BAJO EL AGUA\u00a0<\/h1>\n<\/div><\/div><div class=\"et_pb_divider_0 et_pb_divider et_pb_space et_pb_divider_position_top et_pb_module\"><div class=\"et_pb_divider_internal\"><\/div><\/div><\/div><\/div><div class=\"et_pb_row_2 et_pb_row et_block_row\"><div class=\"et_pb_column_2 et_pb_column et_pb_column_1_2 et_block_column et_pb_css_mix_blend_mode_passthrough\"><div class=\"et_pb_text_2 et_pb_text et_pb_bg_layout_light et_pb_module et_block_module\"><div class=\"et_pb_text_inner\"><p>Experimenta la inigualable sensaci\u00f3n de comodidad que el buceo con Sidemount proporciona. En 2022 comenzamos a integrar el buceo Sidemount y ahora es el momento de compartir nuestra experiencia contigo. Ya sea que te interese el buceo t\u00e9cnico o recreativo, el Sidemount ofrece innumerables ventajas.<\/p>\n<p>Con m\u00faltiples cilindros independientes, puedes despedirte de las preocupaciones por quedarte sin aire, asegurando tu seguridad y tranquilidad.<\/p>\n<p>Lograr la posici\u00f3n de buceo perfecta, mantener el trimado y dominar la flotabilidad se vuelven notablemente m\u00e1s sencillos con el Sidemount, permiti\u00e9ndote mantener la ventajosa posici\u00f3n de cabeza hacia arriba. Y si est\u00e1s haciendo la transici\u00f3n desde el montaje dorsal, r\u00e1pidamente te dar\u00e1s cuenta de que el montaje lateral no solo es m\u00e1s f\u00e1cil para tu espalda, sino tambi\u00e9n muy manejable.<\/p>\n<\/div><\/div><\/div><div class=\"et_pb_column_3 et_pb_column et_pb_column_1_2 et-last-child et_block_column et_pb_css_mix_blend_mode_passthrough\"><div class=\"et_pb_image_0 et_pb_image et_pb_module et_block_module\"><span class=\"et_pb_image_wrap\"><img loading=\"lazy\" decoding=\"async\" src=\"https:\/\/daivoon.com\/wp-content\/uploads\/2026\/02\/Diver-Goetz-1-1.png\" width=\"510\" height=\"340\" srcset=\"https:\/\/daivoon.com\/wp-content\/uploads\/2026\/02\/Diver-Goetz-1-1.png 510w, https:\/\/daivoon.com\/wp-content\/uploads\/2026\/02\/Diver-Goetz-1-1-480x320.png 480w\" sizes=\"(min-width: 0px) and (max-width: 480px) 480px, (min-width: 481px) 510px, 100vw\" class=\"wp-image-38187\" title=\"Diver Goetz - 1\" alt=\"Sidemount Daivoon\" \/><\/span><\/div><\/div><\/div><div class=\"et_pb_row_3 et_pb_row et_block_row\"><div class=\"et_pb_column_4 et_pb_column et_pb_column_1_2 et_block_column et_pb_css_mix_blend_mode_passthrough\"><div class=\"dipl_content_toggle_0 dipl_content_toggle et_pb_module\"><div class=\"dipl_content_toggle_wrapper\"><div class=\"dipl_toggle_button_wrapper dipl_toggle_layout_two dipl_toggle_center\">\n\t\t\t\t\t<input class=\"dipl_toggle_field\" id=\"1408458529\" type=\"checkbox\" value=\"\" \/>\n\t\t\t\t\t<label class=\"dipl_switch\" for=\"1408458529\">\n\t\t\t\t\t\t<div class=\"dipl_switch_trigger dipl_switch_one dipl_active\" data-value=\"SSI Rec Sidemount\"><\/div>\n\t\t\t\t\t    <div class=\"dipl_switch_trigger dipl_switch_two dipl_inactive\" data-value=\"SSI XR Sidemount\"><\/div>\n\t\t\t\t\t<\/label>\n\t\t\t\t<\/div><div class=\"dipl_content_one_toggle dipl_content_toggle_layout\"><div class=\"et_pb_with_border et_pb_module et_d4_element dipl_image_card dipl_image_card_0  et_pb_text_align_left et_pb_bg_layout_light\">\n<div class=\"et_pb_module_inner\">\n<div class=\"dipl_image_card_wrapper\" data-enable_lightbox=\"off\">\n<div class=\"dipl_image_card_image_wrapper\"><img decoding=\"async\" src=\"https:\/\/daivoon.com\/wp-content\/uploads\/2023\/06\/Recreational-Sidemount-Diving.jpg\" alt=\"Scuba Diver\" class=\"dipl_image_card_image\" \/><\/div>\n<div class=\"dipl_image_card_content_wrapper\">\n<div class=\"dipl_image_card_inner_content_wrapper\">\n<h3 class=\"dipl_image_card_title\" id=\"ssi-rec-sidemount\">SSI Rec Sidemount<\/h3>\n<div class=\"dipl_image_card_content\">\n<p style=\"padding-left: 10px;\">Min. 12 a\u00f1os<br \/>Material te\u00f3rico digital<br \/>Botellas y Rigging (7L, 11,1L y 12L largo disponibles)<br \/>Taller de equipo (2 h)<br \/>1 inmersi\u00f3n en Aguas Confinadas (m\u00edn. 1 h)<br \/>3 inmersiones en Aguas Abiertas (~50 min cada una)<br \/>Certificaci\u00f3n internacional<\/p>\n<p>Equipo de Sidemount: +60\u20ac<\/p>\n<p style=\"padding-left: 10px;\"><span style=\"color: #000080;\"><strong>Desde 330\u20ac<\/strong><\/span><\/p>\n<\/div>\n<div class=\"et_pb_button_wrapper\"><a class=\"et_pb_button\" href=\"\/es\/precios\/\" data-icon=\"9\">Precios<\/a><\/div>\n<\/div><\/div>\n<\/div><\/div>\n<\/p><\/div>\n<\/div><div class=\"dipl_content_two_toggle dipl_content_toggle_layout\"><div class=\"et_pb_with_border et_pb_module et_d4_element dipl_image_card dipl_image_card_1  et_pb_text_align_left et_pb_bg_layout_light\">\n<div class=\"et_pb_module_inner\">\n<div class=\"dipl_image_card_wrapper\" data-enable_lightbox=\"off\">\n<div class=\"dipl_image_card_image_wrapper\"><img decoding=\"async\" src=\"https:\/\/daivoon.com\/wp-content\/uploads\/2023\/06\/Extended-Range-Sidemount.jpg\" alt=\"Open Water Diver\" class=\"dipl_image_card_image\" \/><\/div>\n<div class=\"dipl_image_card_content_wrapper\">\n<div class=\"dipl_image_card_inner_content_wrapper\">\n<h3 class=\"dipl_image_card_title\" id=\"ssi-xr-sidemount\">SSI XR Sidemount<\/h3>\n<div class=\"dipl_image_card_content\">\n<p style=\"padding-left: 10px;\">M\u00edn. 16 a\u00f1os<br \/>Material te\u00f3rico digital<br \/>Botellas &amp; Rigging (7L, 11,1L &amp; 12L largo disponible)<br \/>Stage Botella &amp; Rigging (7L &amp; 11,1L disponible)<br \/>Taller de equipo (2 h)<br \/>1 inmersi\u00f3n en Aguas Confinadas (min. 1 h)<br \/>4 inmersiones en Aguas Abiertas (~50 min cada uno)<br \/>Certificaci\u00f3n internacional<\/p>\n<p>Equipo de sidemount: +75\u20ac<\/p>\n<p style=\"padding-left: 10px;\"><span style=\"color: #000080;\"><strong>Desde 475\u20ac<\/strong><\/span><\/p>\n<\/div>\n<div class=\"et_pb_button_wrapper\"><a class=\"et_pb_button\" href=\"\/es\/precios\/\" data-icon=\"9\">Precios<\/a><\/div>\n<\/div><\/div>\n<\/div><\/div>\n<\/p><\/div>\n<\/div><\/div><\/div><\/div><div class=\"et_pb_column_5 et_pb_column et_pb_column_1_2 et-last-child et_block_column et_pb_css_mix_blend_mode_passthrough\"><div class=\"et_pb_text_3 et_pb_text et_pb_bg_layout_light et_pb_module et_block_module\"><div class=\"et_pb_text_inner\"><p>Prep\u00e1rate para descubrir un nuevo nivel de libertad en el buceo con el montaje lateral y reg\u00edstrate en una de nuestras opciones de montaje lateral. Actualmente, ofrecemos <strong>dos cursos diferentes<\/strong> de montaje lateral: el curso de <a href=\"https:\/\/www.divessi.com\/es\/advanced-training\/scuba-diving\/recreational-sidemount-diving\" target=\"_blank\" rel=\"noopener\">Sidemount Recreativo SSI<\/a> y el curso de <a href=\"https:\/\/www.divessi.com\/es\/advanced-training\/extended-range\/open-circuit-diving\/extended-range-sidemount-diving\" target=\"_blank\" rel=\"noopener\">Sidemount XR SSI<\/a>. Ambos cursos est\u00e1n dise\u00f1ados pensando en principiantes y <strong>no requieren experiencia previa en Sidemount<\/strong>.<\/p>\n<p>El <strong>curso de Montaje Lateral Recreativo<\/strong> es la introducci\u00f3n perfecta al mundo del montaje lateral. Nuestros instructores te ayudar\u00e1n a comprender las diferentes t\u00e9cnicas para equilibrar los tanques, manejar tu equipo y experimentar las ventajas del buceo con montaje lateral. El <strong>curso de Montaje Lateral XR<\/strong> lleva tu exploraci\u00f3n submarina al siguiente nivel, ofreciendo t\u00e9cnicas avanzadas e incluso introduciendo un tercer tanque.<\/p>\n<p>\u00a1<a href=\"https:\/\/daivoon.com\/es\/contacte-con\/\">\u00danete a nosotros<\/a> en esta nueva aventura!<\/p>\n<\/div><\/div><\/div><\/div><\/div><div class=\"et_pb_section_2 et_pb_section et_section_regular et_block_section\"><div class=\"et_pb_row_4 et_pb_row et_pb_equal_columns et_block_row\"><div class=\"et_pb_column_6 et_pb_column et_pb_column_1_2 et_block_column et_pb_css_mix_blend_mode_passthrough\"><div class=\"et_pb_text_4 et_pb_text et_pb_bg_layout_light et_pb_module et_block_module preset--module--divi-text--8448e700-fcc9-4bd5-ac2d-0df9a70ff168\"><div class=\"et_pb_text_inner\"><h5>Beneficios de los tanques a tus lados<\/h5>\n<\/div><\/div><div class=\"et_pb_text_5 et_pb_text et_pb_bg_layout_light et_pb_module et_block_module preset--module--divi-text--8edc600d-b1d3-4081-acdd-e62a8e04123f\"><div class=\"et_pb_text_inner\"><p>El buceo de montaje lateral es una configuraci\u00f3n de buceo en la que el buceador lleva las botellas a los lados en lugar de a la espalda, lo que ofrece una mayor maniobrabilidad, comodidad e independencia ya que cada botella dispone de su propio regulador.<\/p>\n<\/div><\/div><div class=\"et_pb_text_6 et_pb_text et_pb_bg_layout_light et_pb_module et_block_module preset--module--divi-text--8448e700-fcc9-4bd5-ac2d-0df9a70ff168\"><div class=\"et_pb_text_inner\"><h5>Entrenamiento especial<\/h5>\n<\/div><\/div><div class=\"et_pb_text_7 et_pb_text et_pb_bg_layout_light et_pb_module et_block_module preset--module--divi-text--8edc600d-b1d3-4081-acdd-e62a8e04123f\"><div class=\"et_pb_text_inner\"><p>Es importante tener en cuenta que, aunque el buceo de montaje lateral ofrece muchas ventajas, tambi\u00e9n requiere de de una formaci\u00f3n y experiencia adecuadas para garantizar la seguridad y con ello una inmersion con m\u00e1s libertad. Los buceadores deben recibir formaci\u00f3n especializada para aprender las t\u00e9cnicas, la configuraci\u00f3n del equipo y los protocolos de seguridad asociados al buceo con montaje lateral.<\/p>\n<\/div><\/div><div class=\"et_pb_text_8 et_pb_text et_pb_bg_layout_light et_pb_module et_block_module preset--module--divi-text--8448e700-fcc9-4bd5-ac2d-0df9a70ff168\"><div class=\"et_pb_text_inner\"><h5>Equipamiento especial<\/h5>\n<\/div><\/div><div class=\"et_pb_text_9 et_pb_text et_pb_bg_layout_light et_pb_module et_block_module preset--module--divi-text--8edc600d-b1d3-4081-acdd-e62a8e04123f\"><div class=\"et_pb_text_inner\"><p>El buceo con montaje lateral requiere un equipo espec\u00edfico, como un chaleco de montaje lateral, sistemas de aparejo, cuerdas el\u00e1sticas, diferentes configuraciones de reguladores, etc.<\/p>\n<\/div><\/div><\/div><div class=\"et_pb_column_7 et_pb_column et_pb_column_1_2 et-last-child et_block_column et_pb_css_mix_blend_mode_passthrough\"><div class=\"et_pb_text_10 et_pb_text et_pb_bg_layout_light et_pb_module et_block_module preset--module--divi-text--8edc600d-b1d3-4081-acdd-e62a8e04123f\"><div class=\"et_pb_text_inner\"><ul>\n<li>Flexibilidad: navegaci\u00f3n m\u00e1s f\u00e1cil en espacios reducidos.<\/li>\n<\/ul>\n<ul>\n<li>Independencia: dos configuraciones independientes de suministro de gas.<\/li>\n<\/ul>\n<ul>\n<li>Aerodin\u00e1mica: Reducci\u00f3n de la resistencia aerodin\u00e1mica y mejora de la flotabilidad.<\/li>\n<\/ul>\n<ul>\n<li>Manejabilidad: Facilidad para ponerse y quitarse el equipo.<\/li>\n<\/ul>\n<ul>\n<li>Comodidad: Menos tensi\u00f3n. \u00datil para los problemas de espalda.<\/li>\n<\/ul>\n<ul>\n<li>Accesibilidad: Adecuado para diversas capacidades f\u00edsicas.<\/li>\n<\/ul>\n<ul>\n<li>Seguridad: Ideal para el buceo en cuevas y pecios.<\/li>\n<\/ul>\n<ul>\n<li>Formaci\u00f3n: Formaci\u00f3n espec\u00edfica en procedimientos de emergencia.<\/li>\n<\/ul>\n<ul>\n<li>Interacci\u00f3n: mejor comunicaci\u00f3n cara a cara con otros buceadores.<\/li>\n<\/ul>\n<ul>\n<li>Gesti\u00f3n de gases: Mayor control, inmersiones m\u00e1s largas.<\/li>\n<\/ul>\n<\/div><\/div><\/div><\/div><\/div><div class=\"et_pb_section_3 et_pb_section et_section_regular et_block_section section_has_divider et_pb_bottom_divider\"><div class=\"et_pb_row_5 et_pb_row et_block_row\"><div class=\"et_pb_column_8 et_pb_column et_pb_column_4_4 et-last-child et_block_column et_pb_css_mix_blend_mode_passthrough\"><div class=\"et_pb_text_11 et_pb_text et_pb_bg_layout_light et_pb_module et_block_module\"><div class=\"et_pb_text_inner\"><p>Independientemente del curso que desee realizar, reg\u00edstrese en SSI y con\u00e9ctese al Centro de Buceo Daivoon. Una vez que hayas transferido las tasas de los materiales online, desbloquearemos los materiales del curso. Puedes empezar a aprender directamente en la web de SSI o utilizando la App MySSI.<\/p>\n<\/div><\/div><\/div><\/div><div class=\"et_pb_bottom_inside_divider et-no-transition\"><\/div><\/div>\n","protected":false},"excerpt":{"rendered":"","protected":false},"author":2,"featured_media":0,"parent":28523,"menu_order":0,"comment_status":"closed","ping_status":"closed","template":"","meta":{"_et_pb_use_builder":"on","_et_pb_old_content":"","_et_gb_content_width":"","footnotes":""},"class_list":["post-33267","page","type-page","status-publish","hentry"],"_links":{"self":[{"href":"https:\/\/daivoon.com\/es\/wp-json\/wp\/v2\/pages\/33267","targetHints":{"allow":["GET"]}}],"collection":[{"href":"https:\/\/daivoon.com\/es\/wp-json\/wp\/v2\/pages"}],"about":[{"href":"https:\/\/daivoon.com\/es\/wp-json\/wp\/v2\/types\/page"}],"author":[{"embeddable":true,"href":"https:\/\/daivoon.com\/es\/wp-json\/wp\/v2\/users\/2"}],"replies":[{"embeddable":true,"href":"https:\/\/daivoon.com\/es\/wp-json\/wp\/v2\/comments?post=33267"}],"version-history":[{"count":4,"href":"https:\/\/daivoon.com\/es\/wp-json\/wp\/v2\/pages\/33267\/revisions"}],"predecessor-version":[{"id":38714,"href":"https:\/\/daivoon.com\/es\/wp-json\/wp\/v2\/pages\/33267\/revisions\/38714"}],"up":[{"embeddable":true,"href":"https:\/\/daivoon.com\/es\/wp-json\/wp\/v2\/pages\/28523"}],"wp:attachment":[{"href":"https:\/\/daivoon.com\/es\/wp-json\/wp\/v2\/media?parent=33267"}],"curies":[{"name":"wp","href":"https:\/\/api.w.org\/{rel}","templated":true}]}}